{"id":966,"date":"2019-08-19T14:31:33","date_gmt":"2019-08-19T12:31:33","guid":{"rendered":"https:\/\/www.raiffeisen-duengershop.de\/?post_type=product&#038;p=966"},"modified":"2025-08-29T10:46:39","modified_gmt":"2025-08-29T08:46:39","slug":"excello-mangan-spezial","status":"publish","type":"product","link":"https:\/\/wordpress.netpeak.biz\/duengershop-2025\/produkt\/einzelnaehrstoffe\/spurenelementduenger\/excello-mangan-spezial\/","title":{"rendered":"Excello Mangan spezial"},"content":{"rendered":"<p>Der Speziald\u00fcnger zur hochwirksamen <strong>Bodend\u00fcngung<\/strong> mit Mangan<strong> in Kombination mit<\/strong> Eisen, Schwefel, Magnesium und <strong>Calcium<\/strong> f\u00fcr den Erhalt eines fruchtbaren und gesunden Bodens.<\/p>\n<p>Durch die Verwendung einer Metalllegierung werden Mangan, Zink und Eisen bis zu 4 Jahren bevorratet. Auch unter ung\u00fcnstigen Bodenverh\u00e4ltnissen bleiben diese N\u00e4hrstoffe pflanzenverf\u00fcgbar und werden nicht festgelegt.<\/p>\n<ul>\n<li>10,0% Mn (Gesamt-Mangan)<\/li>\n<li>2,0% Fe (Gesamt-Eisen)<\/li>\n<li>0,5% Zn (Gesamt-Zink)<\/li>\n<\/ul>\n<p>Nebenbestandteile:<\/p>\n<ul>\n<li>9,0% MgO (Magnesium)<\/li>\n<li>3,0% S (Schwefel)<\/li>\n<\/ul>\n<h3>Sicherheitsdatenblatt:<\/h3>\n<p><a href=\"https:\/\/www.raiffeisen-duengershop.de\/wp-content\/uploads\/2019\/08\/SDB-Excello-Mangan-spezial.pdf\" target=\"_blank\" rel=\"noopener\">SDB Excello Mangan spezial<\/a><\/p>\n<h3>Anwendung:<\/h3>\n<p>Nur nach den Empfehlungen aus einer Bodenanalyse wenn ein tats\u00e4chlicher Bedarf nachgewiesen wurde.<\/p>\n<h3>Lagerungshinweis:<\/h3>\n<p>Trocken und vor Sonne gesch\u00fctzt lagern. F\u00fcr Kinder und Haustiere unerreichbar aufbewahren. D\u00fcnger nicht ins Abwasser oder freie Gew\u00e4sser gelangen lassen. Angebrochene Verpackungen dicht verschliessen.<\/p>\n","protected":false},"excerpt":{"rendered":"<p>Der Speziald\u00fcnger zur hochwirksamen Bodend\u00fcngung mit Mangan in Kombination mit Eisen, Schwefel, Magnesium und Calcium f\u00fcr den Erhalt eines fruchtbaren und gesunden Bodens.<\/p>\n","protected":false},"featured_media":80,"template":"","meta":[],"product_brand":[],"product_cat":[31,32,33,34,61,36,38],"product_tag":[],"class_list":{"0":"post-966","1":"product","2":"type-product","3":"status-publish","4":"has-post-thumbnail","6":"product_cat-garten","7":"product_cat-obstbau","8":"product_cat-weihnachtsbaum","9":"product_cat-weinbau","10":"product_cat-spurenelementduenger","11":"product_cat-feste-duenger","12":"product_cat-bio-duenger","14":"first","15":"instock","16":"sale","17":"taxable","18":"shipping-taxable","19":"purchasable","20":"product-type-variable"},"_links":{"self":[{"href":"https:\/\/wordpress.netpeak.biz\/duengershop-2025\/wp-json\/wp\/v2\/product\/966","targetHints":{"allow":["GET"]}}],"collection":[{"href":"https:\/\/wordpress.netpeak.biz\/duengershop-2025\/wp-json\/wp\/v2\/product"}],"about":[{"href":"https:\/\/wordpress.netpeak.biz\/duengershop-2025\/wp-json\/wp\/v2\/types\/product"}],"wp:featuredmedia":[{"embeddable":true,"href":"https:\/\/wordpress.netpeak.biz\/duengershop-2025\/wp-json\/wp\/v2\/media\/80"}],"wp:attachment":[{"href":"https:\/\/wordpress.netpeak.biz\/duengershop-2025\/wp-json\/wp\/v2\/media?parent=966"}],"wp:term":[{"taxonomy":"product_brand","embeddable":true,"href":"https:\/\/wordpress.netpeak.biz\/duengershop-2025\/wp-json\/wp\/v2\/product_brand?post=966"},{"taxonomy":"product_cat","embeddable":true,"href":"https:\/\/wordpress.netpeak.biz\/duengershop-2025\/wp-json\/wp\/v2\/product_cat?post=966"},{"taxonomy":"product_tag","embeddable":true,"href":"https:\/\/wordpress.netpeak.biz\/duengershop-2025\/wp-json\/wp\/v2\/product_tag?post=966"}],"curies":[{"name":"wp","href":"https:\/\/api.w.org\/{rel}","templated":true}]}}