{"id":8843,"date":"2024-04-05T15:03:34","date_gmt":"2024-04-05T13:03:34","guid":{"rendered":"https:\/\/www.raiffeisen-duengershop.de\/?post_type=product&#038;p=8843"},"modified":"2025-01-10T14:59:25","modified_gmt":"2025-01-10T13:59:25","slug":"emiko-bio-teichpflege","status":"publish","type":"product","link":"https:\/\/wordpress.netpeak.biz\/duengershop-2025\/produkt\/garten\/emiko-bio-teichpflege\/","title":{"rendered":"EMIKO Bio Teichpflege"},"content":{"rendered":"<div class=\"col-sm-8\">\n<div class=\"panel\">\n<h3>EMIKO Bio Teichpflege mit effektiven Mikroorganismen (EM)<\/h3>\n<p>Weitere Informationen \u00fcber EM finden Sie hier:<\/p>\n<p><a href=\"https:\/\/www.raiffeisen-laborservice.de\/Effektive-Mikroorganismen\">https:\/\/www.raiffeisen-laborservice.de\/Effektive-Mikroorganismen<\/a><\/p>\n<h3>EMIKO Bio Teichpflege<\/h3>\n<ul>\n<li>kl\u00e4rt das Teichwasser durch Abbau organischer Schwebstoffe und Abbau von Phosphat als Ursache von Gr\u00fcn- und Blaualgen<\/li>\n<li>f\u00f6rdert die Vitalit\u00e4t von Pflanzen, Fischen, Teichlebewesen durch mikrobiologisches Gleichgewicht<\/li>\n<li>krankheitserregende Mikroorganismen werden unterdr\u00fcckt, die Neubildung von Faulschlamm im Bodensediment verhindert<\/li>\n<li>1 Liter reicht f\u00fcr die Behandlung von 20m\u00b3 Wasser, ca. 14-t\u00e4gige Anwendung<\/li>\n<\/ul>\n<\/div>\n<h3>Anwendung:<\/h3>\n<p><strong>Je nach Belastung und Tr\u00fcbung 0,5 \u2013 1,0 Liter pro 10 m\u00b3 alle 14 Tage oberhalb von 10\u00b0 C Wassertemperatur<\/strong><br \/>\n<strong>EMIKO Bio Teichpflege unmittelbar vor der Anwendung 1:10 mit Teichwasser mischen und an verschiedenen Stellen ausbringen.<\/strong><br \/>\n<strong>UV- und Ozonapparaturen sowie Eiwei\u00dfabscheider nach der Anwendung f\u00fcr ca. 48 Stunden abschalten.<\/strong><\/p>\n<\/div>\n<p>Lebende EM in hoher Konzentration sorgen f\u00fcr ein mikrobiologisches Gleichgewicht in Garten- Schwimm- und Fischteichen, das die Wasserqualit\u00e4t verbessert, zur Regeneration von Pflanzen und Lebewesen beitr\u00e4gt und ihre Vitalit\u00e4t erh\u00e4lt.<br \/>\nBei einer vorhandenen Tr\u00fcbung und beginnender Algenbildung zeigt sich der Behandlungserfolg schon nach wenigen Anwendungen durch zunehmend klares Wasser.<\/p>\n<p>EM unterst\u00fctzen den Phosphatabbau als Ursache von Gr\u00fcn- und Blaualgen. Die im Teich vorhandenen positiven Mikroorganismen werden gef\u00f6rdert. Gemeinsam sorgen sie daf\u00fcr, dass jedes \u00dcberangebot organischer und anorganischer Verbindungen schnell abgebaut wird, um den biologischen Kreislauf im Teich aufrecht zu erhalten.<\/p>\n<p>Die Kapazit\u00e4t zur Selbstreinigung des Teiches wird auf nat\u00fcrliche Weise erh\u00f6ht, krankheitserregende Mikroorganismen werden unterdr\u00fcckt.<\/p>\n<p>Nach jeder erfolgreichen Sanierung wird EMIKO Bio Teichpflege weiterhin regelm\u00e4\u00dfig eingesetzt, um ein positives mikrobielles Milieu aufrecht zu erhalten.<\/p>\n<p>In weitgehend klaren Gew\u00e4ssern, wie z.B. Koiteichen, in denen nur wenig organisches Material vorhanden ist, kann die EMIKO Bio Teichpflege ausschlie\u00dflich verwendet werden.<br \/>\nEMIKO Bio Teichpflege ist eine umweltfreundliche, nat\u00fcrliche und nachhaltige L\u00f6sung f\u00fcr ein stabiles \u00d6kosystem Teich.<\/p>\n<p>Ung\u00fcnstige Voraussetzungen, wie eine nicht optimale Lage oder ein zu hoher Besatz an Fischen und Pflanzen werden bei regelm\u00e4\u00dfiger Anwendung gemildert.<\/p>\n<div class=\"col-sm-8\">\n<h3>Lagerungshinweis:<\/h3>\n<p>Trocken und vor Sonne gesch\u00fctzt lagern.\u00a0 Angebrochene Verpackungen dicht verschliessen.<\/p>\n<\/div>\n","protected":false},"excerpt":{"rendered":"<p>EMIKO Bio Teichpflege ist das Allroundprodukt zur Kl\u00e4rung des Teiches. Mit der Bio Teichpflege beginnt jede Teichsanierung, ein guter Zustand des Teiches wird mit der Bio Teichpflege aufrechterhalten.<\/p>\n","protected":false},"featured_media":7275,"template":"","meta":[],"product_brand":[],"product_cat":[31,79],"product_tag":[],"class_list":{"0":"post-8843","1":"product","2":"type-product","3":"status-publish","4":"has-post-thumbnail","6":"product_cat-garten","7":"product_cat-teichpflege","9":"first","10":"instock","11":"sale","12":"featured","13":"taxable","14":"shipping-taxable","15":"purchasable","16":"product-type-variable"},"_links":{"self":[{"href":"https:\/\/wordpress.netpeak.biz\/duengershop-2025\/wp-json\/wp\/v2\/product\/8843","targetHints":{"allow":["GET"]}}],"collection":[{"href":"https:\/\/wordpress.netpeak.biz\/duengershop-2025\/wp-json\/wp\/v2\/product"}],"about":[{"href":"https:\/\/wordpress.netpeak.biz\/duengershop-2025\/wp-json\/wp\/v2\/types\/product"}],"wp:featuredmedia":[{"embeddable":true,"href":"https:\/\/wordpress.netpeak.biz\/duengershop-2025\/wp-json\/wp\/v2\/media\/7275"}],"wp:attachment":[{"href":"https:\/\/wordpress.netpeak.biz\/duengershop-2025\/wp-json\/wp\/v2\/media?parent=8843"}],"wp:term":[{"taxonomy":"product_brand","embeddable":true,"href":"https:\/\/wordpress.netpeak.biz\/duengershop-2025\/wp-json\/wp\/v2\/product_brand?post=8843"},{"taxonomy":"product_cat","embeddable":true,"href":"https:\/\/wordpress.netpeak.biz\/duengershop-2025\/wp-json\/wp\/v2\/product_cat?post=8843"},{"taxonomy":"product_tag","embeddable":true,"href":"https:\/\/wordpress.netpeak.biz\/duengershop-2025\/wp-json\/wp\/v2\/product_tag?post=8843"}],"curies":[{"name":"wp","href":"https:\/\/api.w.org\/{rel}","templated":true}]}}