{"id":66,"date":"2018-02-14T09:44:28","date_gmt":"2018-02-14T08:44:28","guid":{"rendered":"https:\/\/www.raiffeisen-duengershop.de\/?post_type=product&#038;p=66"},"modified":"2025-01-10T14:14:12","modified_gmt":"2025-01-10T13:14:12","slug":"wuxal-aminocal-200-g-cao-l","status":"publish","type":"product","link":"https:\/\/wordpress.netpeak.biz\/duengershop-2025\/produkt\/einzelnaehrstoffe\/kalkduenger\/wuxal-aminocal-200-g-cao-l\/","title":{"rendered":"Wuxal Aminocal 200 g CaO\/l"},"content":{"rendered":"<ul>\n<li>15,0 % CaO wasserl\u00f6sliches Calciumoxid (entspricht 206 g\/l)<\/li>\n<li>0,5 % Mn wasserl\u00f6sliches Mangan (entspricht 7 g\/l)<\/li>\n<li>0,5 % Zn wasserl\u00f6sliches Zink (entspricht 7 g\/l)<\/li>\n<li>Dichte: 1,35 kg\/l<\/li>\n<li>pH-Wert: ca. 4<\/li>\n<li>Farbe: braun<\/li>\n<\/ul>\n<p>Hoch konzentrierte Kalzium-D\u00fcngerl\u00f6sung zur raschen Behebung von akutem Kalziummangel im Obst-, Gem\u00fcse und Weihnachtsbaumanbau.<\/p>\n<h3>Sicherheitsdatenblatt:<\/h3>\n<p><a href=\"https:\/\/www.raiffeisen-duengershop.de\/wp-content\/uploads\/2018\/02\/SDB-Wuxal-Aminocal.pdf\">SDB Wuxal Aminocal<\/a><\/p>\n<h3>Anwendung:<\/h3>\n<p>Nur nach Bedarf entsprechend den Empfehlungen einer Boden- und Pflanzenanalyse anwenden.<br \/>\nZur Verbesserung der Blattd\u00fcngerwirkung sollen die Spritzungen in den Morgen- bzw. Abendstunden oder bei bedecktem Himmel durchgef\u00fchrt werden.<\/p>\n<h3>Lagerungshinweis:<\/h3>\n<p>Trocken und vor Sonne gesch\u00fctzt lagern. F\u00fcr Kinder und Haustiere unerreichbar aufbewahren. D\u00fcnger nicht ins Abwasser oder freie Gew\u00e4sser gelangen lassen. Angebrochene Verpackungen dicht verschliessen. Nicht bei Temperaturen unter +5\u00b0C und \u00fcber +40\u00b0C lagern bzw. transportieren. St\u00e4rkere Temperaturschwankungen vermeiden. Gro\u00dfe Temperatur\u00e4nderungen und\/oder zu niedrige Temperaturen f\u00fchren zur Kristallbildung. Diese Kristalle l\u00f6sen sich nur noch in hei\u00dfem Wasser und m\u00fcssen deshalb herausgefiltert werden.<\/p>\n","protected":false},"excerpt":{"rendered":"<p>Calciumchloridl\u00f6sung mit Mangan, Zink und Aminos\u00e4uren. F\u00fcr die Blattd\u00fcngung.<\/p>\n","protected":false},"featured_media":111,"template":"","meta":[],"product_brand":[],"product_cat":[32,33,34,60,37],"product_tag":[65,68,69,62,63,64,66,67],"class_list":{"0":"post-66","1":"product","2":"type-product","3":"status-publish","4":"has-post-thumbnail","6":"product_cat-obstbau","7":"product_cat-weihnachtsbaum","8":"product_cat-weinbau","9":"product_cat-kalkduenger","10":"product_cat-fluessigduenger","11":"product_tag-baum","12":"product_tag-kalk","13":"product_tag-kalkduenger","14":"product_tag-obst","15":"product_tag-obstbau","16":"product_tag-weihnachtsbaum","17":"product_tag-wein","18":"product_tag-weinbau","20":"first","21":"instock","22":"taxable","23":"shipping-taxable","24":"purchasable","25":"product-type-variable"},"_links":{"self":[{"href":"https:\/\/wordpress.netpeak.biz\/duengershop-2025\/wp-json\/wp\/v2\/product\/66","targetHints":{"allow":["GET"]}}],"collection":[{"href":"https:\/\/wordpress.netpeak.biz\/duengershop-2025\/wp-json\/wp\/v2\/product"}],"about":[{"href":"https:\/\/wordpress.netpeak.biz\/duengershop-2025\/wp-json\/wp\/v2\/types\/product"}],"wp:featuredmedia":[{"embeddable":true,"href":"https:\/\/wordpress.netpeak.biz\/duengershop-2025\/wp-json\/wp\/v2\/media\/111"}],"wp:attachment":[{"href":"https:\/\/wordpress.netpeak.biz\/duengershop-2025\/wp-json\/wp\/v2\/media?parent=66"}],"wp:term":[{"taxonomy":"product_brand","embeddable":true,"href":"https:\/\/wordpress.netpeak.biz\/duengershop-2025\/wp-json\/wp\/v2\/product_brand?post=66"},{"taxonomy":"product_cat","embeddable":true,"href":"https:\/\/wordpress.netpeak.biz\/duengershop-2025\/wp-json\/wp\/v2\/product_cat?post=66"},{"taxonomy":"product_tag","embeddable":true,"href":"https:\/\/wordpress.netpeak.biz\/duengershop-2025\/wp-json\/wp\/v2\/product_tag?post=66"}],"curies":[{"name":"wp","href":"https:\/\/api.w.org\/{rel}","templated":true}]}}