{"id":64,"date":"2018-02-14T09:43:16","date_gmt":"2018-02-14T08:43:16","guid":{"rendered":"https:\/\/www.raiffeisen-duengershop.de\/?post_type=product&#038;p=64"},"modified":"2025-01-10T13:56:34","modified_gmt":"2025-01-10T12:56:34","slug":"borethanolamin-150-g-b-l","status":"publish","type":"product","link":"https:\/\/wordpress.netpeak.biz\/duengershop-2025\/produkt\/einzelnaehrstoffe\/spurenelementduenger\/borethanolamin-150-g-b-l\/","title":{"rendered":"Bor-Blattd\u00fcngerl\u00f6sung 150 g B\/l"},"content":{"rendered":"<ul>\n<li>N\u00e4hrstoffe: 11 % wasserl\u00f6sliches Bor (B) als Borethanolamin 150 g\/l<\/li>\n<li>Dichte: 1,36 kg\/l<\/li>\n<li>pH-Wert: 7,9 &#8211; 8,1<\/li>\n<li>Farbe: farblos, klar<\/li>\n<li>Lagerung: frostfrei<\/li>\n<\/ul>\n<p>Bor ist schlecht verf\u00fcgbar auf sandigen B\u00f6den, bei hohem Stickstoff- oder hohem Calciumgehalt, bei starker Bodenversauerung, bei K\u00e4lte, N\u00e4sse und Trockenheit.<br \/>\nBor ist wichtig f\u00fcr Bl\u00fcte, Fruchtansatz, Einlagerung von Reservestoffen, Aufnahme von Kalium und Kalzium, Widerstandsf\u00e4higkeit gegen Krankheiten und Sch\u00e4dlinge.<\/p>\n<h3>Sicherheitsdatenblatt:<\/h3>\n<p><a href=\"https:\/\/www.raiffeisen-duengershop.de\/wp-content\/uploads\/2018\/02\/SDB-Bor.pdf\" target=\"_blank\" rel=\"noopener\">SDB Bor<\/a><\/p>\n<h3>Anwendung:<\/h3>\n<p>Nur nach den Empfehlungen aus einer Boden-\/Pflanzenanalyse, wenn ein tats\u00e4chlicher Bedarf nachgewiesen wurde. Bei \u00dcberdosierung k\u00f6nnen in bestimmten Kulturen Sch\u00e4den auftreten.<\/p>\n<h3>Lagerungshinweis:<\/h3>\n<p>Trocken und vor Sonne gesch\u00fctzt lagern. F\u00fcr Kinder und Haustiere unerreichbar aufbewahren. D\u00fcnger nicht ins Abwasser oder freie Gew\u00e4sser gelangen lassen. Angebrochene Verpackungen dicht verschliessen.<\/p>\n","protected":false},"excerpt":{"rendered":"<p>Bor-D\u00fcngerl\u00f6sung zur Blattd\u00fcngung. Bor ist wichtig f\u00fcr Bl\u00fcte, Fruchtansatz, Einlagerung von Reservestoffen, Aufnahme von Kalium und Kalzium, Widerstandsf\u00e4higkeit gegen Krankheiten und Sch\u00e4dlinge.<\/p>\n","protected":false},"featured_media":1252,"template":"","meta":[],"product_brand":[],"product_cat":[32,33,34,61,37],"product_tag":[],"class_list":{"0":"post-64","1":"product","2":"type-product","3":"status-publish","4":"has-post-thumbnail","6":"product_cat-obstbau","7":"product_cat-weihnachtsbaum","8":"product_cat-weinbau","9":"product_cat-spurenelementduenger","10":"product_cat-fluessigduenger","12":"first","13":"instock","14":"taxable","15":"shipping-taxable","16":"purchasable","17":"product-type-variable"},"_links":{"self":[{"href":"https:\/\/wordpress.netpeak.biz\/duengershop-2025\/wp-json\/wp\/v2\/product\/64","targetHints":{"allow":["GET"]}}],"collection":[{"href":"https:\/\/wordpress.netpeak.biz\/duengershop-2025\/wp-json\/wp\/v2\/product"}],"about":[{"href":"https:\/\/wordpress.netpeak.biz\/duengershop-2025\/wp-json\/wp\/v2\/types\/product"}],"wp:featuredmedia":[{"embeddable":true,"href":"https:\/\/wordpress.netpeak.biz\/duengershop-2025\/wp-json\/wp\/v2\/media\/1252"}],"wp:attachment":[{"href":"https:\/\/wordpress.netpeak.biz\/duengershop-2025\/wp-json\/wp\/v2\/media?parent=64"}],"wp:term":[{"taxonomy":"product_brand","embeddable":true,"href":"https:\/\/wordpress.netpeak.biz\/duengershop-2025\/wp-json\/wp\/v2\/product_brand?post=64"},{"taxonomy":"product_cat","embeddable":true,"href":"https:\/\/wordpress.netpeak.biz\/duengershop-2025\/wp-json\/wp\/v2\/product_cat?post=64"},{"taxonomy":"product_tag","embeddable":true,"href":"https:\/\/wordpress.netpeak.biz\/duengershop-2025\/wp-json\/wp\/v2\/product_tag?post=64"}],"curies":[{"name":"wp","href":"https:\/\/api.w.org\/{rel}","templated":true}]}}