{"id":625,"date":"2019-04-02T10:32:34","date_gmt":"2019-04-02T08:32:34","guid":{"rendered":"https:\/\/www.raiffeisen-duengershop.de\/?post_type=product&#038;p=625"},"modified":"2025-03-31T08:22:37","modified_gmt":"2025-03-31T06:22:37","slug":"lippstaedter-bluetenparadies","status":"publish","type":"product","link":"https:\/\/wordpress.netpeak.biz\/duengershop-2025\/produkt\/saatgut\/lippstaedter-bluetenparadies\/","title":{"rendered":"Einj\u00e4hrige Bl\u00fchpflanzen-Mischung &#8222;Insektenmagnet&#8220;"},"content":{"rendered":"<p>Artenreiche Bl\u00fchmischung f\u00fcr Bienen und Schmetterlinge.<\/p>\n<p>Diese abwechslungsreichen und farbenfrohen Mischungen sind bei Menschen und Tieren gleicherma\u00dfen beliebt. Die einj\u00e4hrigen Arten mit ihren unterschiedlichen Bl\u00fchzeitr\u00e4umen sorgen f\u00fcr immer neue Bl\u00fcten vom Fr\u00fchjahr bis in den Herbst und stellen so einen Magnet f\u00fcr Nutzinsekten dar. Die enthaltenen Arten sind robust und konkurrenzstark, sodass sich diese auch unter schwierigen Bedingungen gut etablieren k\u00f6nnen<\/p>\n<p>Zusammensetzung:<\/p>\n<p>Buchweizen (25 %)<br \/>\n\u00d6lrettich (20 %)<br \/>\nLein (16 %)<br \/>\nSonnenblume (12 %)<br \/>\nGartenkresse (8 %)<br \/>\nPhacelia (8 %)<br \/>\nRingelblume (6 %)<br \/>\nDill (3 %)<br \/>\nBorretsch (1 %)<br \/>\nFeldsalat (1 %)<\/p>\n<h3>Hersteller<\/h3>\n<p>Freudenberger<\/p>\n<h3>Anwendung:<\/h3>\n<p>Aussaatmenge: 2,5 g je Quadratmeter<br \/>\nAussaattermin: April-Mai<\/p>\n<h3>Lagerungshinweis:<\/h3>\n<p>Trocken und vor Sonne gesch\u00fctzt lagern. Angebrochene Verpackungen dicht verschliessen.<\/p>\n","protected":false},"excerpt":{"rendered":"<p>Artenreiche Bl\u00fchmischung f\u00fcr Bienen und Schmetterlinge.<\/p>\n","protected":false},"featured_media":630,"template":"","meta":[],"product_brand":[],"product_cat":[71],"product_tag":[],"class_list":{"0":"post-625","1":"product","2":"type-product","3":"status-publish","4":"has-post-thumbnail","6":"product_cat-saatgut","8":"first","9":"instock","10":"taxable","11":"shipping-taxable","12":"purchasable","13":"product-type-variable"},"_links":{"self":[{"href":"https:\/\/wordpress.netpeak.biz\/duengershop-2025\/wp-json\/wp\/v2\/product\/625","targetHints":{"allow":["GET"]}}],"collection":[{"href":"https:\/\/wordpress.netpeak.biz\/duengershop-2025\/wp-json\/wp\/v2\/product"}],"about":[{"href":"https:\/\/wordpress.netpeak.biz\/duengershop-2025\/wp-json\/wp\/v2\/types\/product"}],"wp:featuredmedia":[{"embeddable":true,"href":"https:\/\/wordpress.netpeak.biz\/duengershop-2025\/wp-json\/wp\/v2\/media\/630"}],"wp:attachment":[{"href":"https:\/\/wordpress.netpeak.biz\/duengershop-2025\/wp-json\/wp\/v2\/media?parent=625"}],"wp:term":[{"taxonomy":"product_brand","embeddable":true,"href":"https:\/\/wordpress.netpeak.biz\/duengershop-2025\/wp-json\/wp\/v2\/product_brand?post=625"},{"taxonomy":"product_cat","embeddable":true,"href":"https:\/\/wordpress.netpeak.biz\/duengershop-2025\/wp-json\/wp\/v2\/product_cat?post=625"},{"taxonomy":"product_tag","embeddable":true,"href":"https:\/\/wordpress.netpeak.biz\/duengershop-2025\/wp-json\/wp\/v2\/product_tag?post=625"}],"curies":[{"name":"wp","href":"https:\/\/api.w.org\/{rel}","templated":true}]}}