{"id":62,"date":"2018-02-14T09:34:35","date_gmt":"2018-02-14T08:34:35","guid":{"rendered":"https:\/\/www.raiffeisen-duengershop.de\/?post_type=product&#038;p=62"},"modified":"2025-01-10T13:57:32","modified_gmt":"2025-01-10T12:57:32","slug":"zinkchelat-93-g-zn-l","status":"publish","type":"product","link":"https:\/\/wordpress.netpeak.biz\/duengershop-2025\/produkt\/einzelnaehrstoffe\/spurenelementduenger\/zinkchelat-93-g-zn-l\/","title":{"rendered":"Zink-Blattd\u00fcngerl\u00f6sung 75 g Zn\/l"},"content":{"rendered":"<ul>\n<li>N\u00e4hrstoffe: 6 % wasserl\u00f6sliches Zink (Zn) (Zn als Chelat von EDTA) 75 g\/l<\/li>\n<li>Dichte: 1,21 kg\/l<\/li>\n<li>pH-Wert: 6,0 &#8211; 7,0<\/li>\n<li>Farbe: hellbraun<\/li>\n<li>Lagerung: nicht unter 5 \u00b0C<\/li>\n<\/ul>\n<p>Zink ist Bestandteil zahlreicher Enzyme und wichtig f\u00fcr die Bl\u00fctenqualit\u00e4t, Fruchtansatz, Fruchtqualit\u00e4t und den Kalziumtransport in der Pflanze. Es ist an der Einlagerung von Reservestoffen (z. B. St\u00e4rke) beteiligt.<\/p>\n<p>Zink ist schlecht verf\u00fcgbar auf humosen B\u00f6den, bei hohem pH-Wert, bei einem hohem Phosphorgehalt und bei K\u00e4lte und N\u00e4sse.<\/p>\n<h3>Sicherheitsdatenblatt:<\/h3>\n<p><a href=\"https:\/\/www.raiffeisen-duengershop.de\/wp-content\/uploads\/2018\/02\/SDB-Zink.pdf\">SDB Zink<\/a><\/p>\n<h3>Anwendung:<\/h3>\n<p>Nur nach den Empfehlungen aus einer Boden-\/Pflanzenanalyse, wenn ein tats\u00e4chlicher Bedarf nachgewiesen wurde. Bei \u00dcberdosierung k\u00f6nnen in bestimmten Kulturen Sch\u00e4den auftreten.<\/p>\n<h3>Lagerungshinweis:<\/h3>\n<p>Trocken und vor Sonne gesch\u00fctzt lagern. F\u00fcr Kinder und Haustiere unerreichbar aufbewahren. D\u00fcnger nicht ins Abwasser oder freie Gew\u00e4sser gelangen lassen. Angebrochene Verpackungen dicht verschliessen.<\/p>\n","protected":false},"excerpt":{"rendered":"<p>Zinkd\u00fcngerl\u00f6sung zur Blattd\u00fcngung. Zink ist Bestandteil zahlreicher Enzyme und wichtig f\u00fcr die Bl\u00fctenqualit\u00e4t, Fruchtansatz, Fruchtqualit\u00e4t und den Kalziumtransport in der Pflanze.<\/p>\n","protected":false},"featured_media":1252,"template":"","meta":[],"product_brand":[],"product_cat":[32,33,34,61,37],"product_tag":[],"class_list":{"0":"post-62","1":"product","2":"type-product","3":"status-publish","4":"has-post-thumbnail","6":"product_cat-obstbau","7":"product_cat-weihnachtsbaum","8":"product_cat-weinbau","9":"product_cat-spurenelementduenger","10":"product_cat-fluessigduenger","12":"first","13":"instock","14":"taxable","15":"shipping-taxable","16":"purchasable","17":"product-type-variable"},"_links":{"self":[{"href":"https:\/\/wordpress.netpeak.biz\/duengershop-2025\/wp-json\/wp\/v2\/product\/62","targetHints":{"allow":["GET"]}}],"collection":[{"href":"https:\/\/wordpress.netpeak.biz\/duengershop-2025\/wp-json\/wp\/v2\/product"}],"about":[{"href":"https:\/\/wordpress.netpeak.biz\/duengershop-2025\/wp-json\/wp\/v2\/types\/product"}],"wp:featuredmedia":[{"embeddable":true,"href":"https:\/\/wordpress.netpeak.biz\/duengershop-2025\/wp-json\/wp\/v2\/media\/1252"}],"wp:attachment":[{"href":"https:\/\/wordpress.netpeak.biz\/duengershop-2025\/wp-json\/wp\/v2\/media?parent=62"}],"wp:term":[{"taxonomy":"product_brand","embeddable":true,"href":"https:\/\/wordpress.netpeak.biz\/duengershop-2025\/wp-json\/wp\/v2\/product_brand?post=62"},{"taxonomy":"product_cat","embeddable":true,"href":"https:\/\/wordpress.netpeak.biz\/duengershop-2025\/wp-json\/wp\/v2\/product_cat?post=62"},{"taxonomy":"product_tag","embeddable":true,"href":"https:\/\/wordpress.netpeak.biz\/duengershop-2025\/wp-json\/wp\/v2\/product_tag?post=62"}],"curies":[{"name":"wp","href":"https:\/\/api.w.org\/{rel}","templated":true}]}}