{"id":6179,"date":"2022-08-05T11:29:15","date_gmt":"2022-08-05T09:29:15","guid":{"rendered":"https:\/\/www.raiffeisen-duengershop.de\/?post_type=product&#038;p=6179"},"modified":"2025-01-10T09:49:04","modified_gmt":"2025-01-10T08:49:04","slug":"terralife-n-fixx-zwischenfruchtmischung","status":"publish","type":"product","link":"https:\/\/wordpress.netpeak.biz\/duengershop-2025\/produkt\/saatgut\/terralife-n-fixx-zwischenfruchtmischung\/","title":{"rendered":"TerraLife N-Fixx Zwischenfruchtmischung"},"content":{"rendered":"<p>Artenreiche Bl\u00fchmischung f\u00fcr die Aussaat nach der Ernte.<\/p>\n<p>Die Mischung bietet Bienen reichhaltiges Futter. Die Kleearten sorgen f\u00fcr eine gute Bodenbedeckung und haben eine unkrautunterdr\u00fcckende Wirkung. Diese TerraLife-Mischung bindet \u00fcbersch\u00fcssigen Stickstoff im Herbst und verhindert so eine Nitratauswaschung ins Grundwasser.<\/p>\n<p>Zusammensetzung:<\/p>\n<p>Phacelia, \u00d6llein, Sonnenblume, Ramtillkraut, Sorghum, Felderbse, Sommerwicke, Alexandrinerklee, Perserklee<\/p>\n<h3>Hersteller<\/h3>\n<p>DSV<\/p>\n<h3>Anwendung:<\/h3>\n<p>Aussaatmenge: 5 g je Quadratmeter<br \/>\nAussaattermin: Ende Juli bis Ende August<\/p>\n<h3>Lagerungshinweis:<\/h3>\n<p>Trocken und vor Sonne gesch\u00fctzt lagern. Angebrochene Verpackungen dicht verschliessen.<\/p>\n","protected":false},"excerpt":{"rendered":"<p>Artenreiche Bl\u00fchmischung f\u00fcr die Aussaat nach der Ernte.<\/p>\n","protected":false},"featured_media":6183,"template":"","meta":[],"product_brand":[],"product_cat":[71],"product_tag":[],"class_list":{"0":"post-6179","1":"product","2":"type-product","3":"status-publish","4":"has-post-thumbnail","6":"product_cat-saatgut","8":"first","9":"instock","10":"taxable","11":"shipping-taxable","12":"purchasable","13":"product-type-variable"},"_links":{"self":[{"href":"https:\/\/wordpress.netpeak.biz\/duengershop-2025\/wp-json\/wp\/v2\/product\/6179","targetHints":{"allow":["GET"]}}],"collection":[{"href":"https:\/\/wordpress.netpeak.biz\/duengershop-2025\/wp-json\/wp\/v2\/product"}],"about":[{"href":"https:\/\/wordpress.netpeak.biz\/duengershop-2025\/wp-json\/wp\/v2\/types\/product"}],"wp:featuredmedia":[{"embeddable":true,"href":"https:\/\/wordpress.netpeak.biz\/duengershop-2025\/wp-json\/wp\/v2\/media\/6183"}],"wp:attachment":[{"href":"https:\/\/wordpress.netpeak.biz\/duengershop-2025\/wp-json\/wp\/v2\/media?parent=6179"}],"wp:term":[{"taxonomy":"product_brand","embeddable":true,"href":"https:\/\/wordpress.netpeak.biz\/duengershop-2025\/wp-json\/wp\/v2\/product_brand?post=6179"},{"taxonomy":"product_cat","embeddable":true,"href":"https:\/\/wordpress.netpeak.biz\/duengershop-2025\/wp-json\/wp\/v2\/product_cat?post=6179"},{"taxonomy":"product_tag","embeddable":true,"href":"https:\/\/wordpress.netpeak.biz\/duengershop-2025\/wp-json\/wp\/v2\/product_tag?post=6179"}],"curies":[{"name":"wp","href":"https:\/\/api.w.org\/{rel}","templated":true}]}}