{"id":61,"date":"2018-02-14T09:33:50","date_gmt":"2018-02-14T08:33:50","guid":{"rendered":"https:\/\/www.raiffeisen-duengershop.de\/?post_type=product&#038;p=61"},"modified":"2025-10-20T11:45:56","modified_gmt":"2025-10-20T09:45:56","slug":"kupferchelat-90-g-cu-l","status":"publish","type":"product","link":"https:\/\/wordpress.netpeak.biz\/duengershop-2025\/produkt\/einzelnaehrstoffe\/spurenelementduenger\/kupferchelat-90-g-cu-l\/","title":{"rendered":"Kupfer-Blattd\u00fcngerl\u00f6sung 90 g Cu\/l"},"content":{"rendered":"<ul>\n<li>N\u00e4hrstoffe: 9,0 Volumen-% wasserl\u00f6sliches Kupfer. Das Kupfer ist mit EDTA chelatisiert.<\/li>\n<li>Dichte: 1,25 kg\/l\u00a0 \u00a0(entspricht 7,15 Gewichts-% wasserl\u00f6sliches Kupfer)<\/li>\n<li>pH-Wert: 7,0<\/li>\n<li>Farbe: blau<\/li>\n<li>Lagerung nicht unter 0 \u00b0C<\/li>\n<\/ul>\n<p>Kupfer steigert die Stickstoff-Effizienz der Pflanze, erh\u00f6ht die Blattgesundheit und Widerstandskraft gegen Pilzbefall.<\/p>\n<h3>Sicherheitsdatenblatt:<\/h3>\n<p><a href=\"https:\/\/www.raiffeisen-duengershop.de\/wp-content\/uploads\/2018\/02\/SDB-Kupferchelat.pdf\" target=\"_blank\" rel=\"noopener\">SDB Kupferchelat<\/a><\/p>\n<h3>Anwendung:<\/h3>\n<p>Nur nach den Empfehlungen aus einer Boden-\/Pflanzenanalyse, wenn ein tats\u00e4chlicher Bedarf nachgewiesen wurde. Bei \u00dcberdosierung k\u00f6nnen in bestimmten Kulturen Sch\u00e4den auftreten.<\/p>\n<h3>Lagerungshinweis:<\/h3>\n<p>Trocken und vor Sonne gesch\u00fctzt lagern. F\u00fcr Kinder und Haustiere unerreichbar aufbewahren. D\u00fcnger nicht ins Abwasser oder freie Gew\u00e4sser gelangen lassen. Angebrochene Verpackungen dicht verschliessen.<\/p>\n","protected":false},"excerpt":{"rendered":"<p>Kupferd\u00fcngerl\u00f6sung zur Blattd\u00fcngung<\/p>\n<p>N\u00e4hrstoffe: 7 % wasserl\u00f6sliches Kupfer (Cu) (Cu als Chelat von EDTA) 90 g\/l<\/p>\n","protected":false},"featured_media":1252,"template":"","meta":[],"product_brand":[],"product_cat":[32,33,34,61,37],"product_tag":[],"class_list":{"0":"post-61","1":"product","2":"type-product","3":"status-publish","4":"has-post-thumbnail","6":"product_cat-obstbau","7":"product_cat-weihnachtsbaum","8":"product_cat-weinbau","9":"product_cat-spurenelementduenger","10":"product_cat-fluessigduenger","12":"first","13":"outofstock","14":"taxable","15":"shipping-taxable","16":"purchasable","17":"product-type-variable"},"_links":{"self":[{"href":"https:\/\/wordpress.netpeak.biz\/duengershop-2025\/wp-json\/wp\/v2\/product\/61","targetHints":{"allow":["GET"]}}],"collection":[{"href":"https:\/\/wordpress.netpeak.biz\/duengershop-2025\/wp-json\/wp\/v2\/product"}],"about":[{"href":"https:\/\/wordpress.netpeak.biz\/duengershop-2025\/wp-json\/wp\/v2\/types\/product"}],"wp:featuredmedia":[{"embeddable":true,"href":"https:\/\/wordpress.netpeak.biz\/duengershop-2025\/wp-json\/wp\/v2\/media\/1252"}],"wp:attachment":[{"href":"https:\/\/wordpress.netpeak.biz\/duengershop-2025\/wp-json\/wp\/v2\/media?parent=61"}],"wp:term":[{"taxonomy":"product_brand","embeddable":true,"href":"https:\/\/wordpress.netpeak.biz\/duengershop-2025\/wp-json\/wp\/v2\/product_brand?post=61"},{"taxonomy":"product_cat","embeddable":true,"href":"https:\/\/wordpress.netpeak.biz\/duengershop-2025\/wp-json\/wp\/v2\/product_cat?post=61"},{"taxonomy":"product_tag","embeddable":true,"href":"https:\/\/wordpress.netpeak.biz\/duengershop-2025\/wp-json\/wp\/v2\/product_tag?post=61"}],"curies":[{"name":"wp","href":"https:\/\/api.w.org\/{rel}","templated":true}]}}