{"id":60,"date":"2018-02-14T09:33:00","date_gmt":"2018-02-14T08:33:00","guid":{"rendered":"https:\/\/www.raiffeisen-duengershop.de\/?post_type=product&#038;p=60"},"modified":"2025-08-29T10:48:03","modified_gmt":"2025-08-29T08:48:03","slug":"excello-331","status":"publish","type":"product","link":"https:\/\/wordpress.netpeak.biz\/duengershop-2025\/produkt\/einzelnaehrstoffe\/spurenelementduenger\/excello-331\/","title":{"rendered":"Excello 331"},"content":{"rendered":"<p>Der Mikron\u00e4hrstoffd\u00fcnger f\u00fcr alle Kulturen und B\u00f6den mit hohem Bedarf an Mangan, Zink, Bor und Magnesium \u2013 besonders bei regelm\u00e4\u00dfiger organischer D\u00fcngung. Neben Startkomponenten f\u00fcr eine direkt einsetzende D\u00fcngewirkung wird durch den Einsatz von Metalllegierungen und anderen wertvollen Rohstoffen Auflaufsch\u00e4den und Auswaschungsverlusten vorgebeugt. Auch unter ung\u00fcnstigen Bodenverh\u00e4ltnissen bleiben diese N\u00e4hrstoffe pflanzenverf\u00fcgbar und werden nicht festgelegt.<\/p>\n<ul>\n<li>3,0% Mn (Gesamt-Mangan)<\/li>\n<li>3,0% Zn (Gesamt-Zink)<\/li>\n<li>1,0% B (Gesamt-Bor)<\/li>\n<\/ul>\n<p>Weitere N\u00e4hrstoffe:<\/p>\n<ul>\n<li>11,7% MgO (Magnesiumoxid)<\/li>\n<li>31,1% CaO (Calciumoxid)<\/li>\n<li>0,005% Mo (wasserl\u00f6sliches Molybd\u00e4n)<\/li>\n<\/ul>\n<h3>Sicherheitsdatenblatt:<\/h3>\n<p><a href=\"https:\/\/www.raiffeisen-duengershop.de\/wp-content\/uploads\/2018\/02\/SDB-Excello-331.pdf\" target=\"_blank\" rel=\"noopener\">SDB Excello 331<\/a><\/p>\n<h3>Anwendung:<\/h3>\n<p>Nur nach den Empfehlungen aus einer Bodenanalyse wenn ein tats\u00e4chlicher Bedarf nachgewiesen wurde.<\/p>\n<h3>Lagerungshinweis:<\/h3>\n<p>Trocken und vor Sonne gesch\u00fctzt lagern. F\u00fcr Kinder und Haustiere unerreichbar aufbewahren. D\u00fcnger nicht ins Abwasser oder freie Gew\u00e4sser gelangen lassen. Angebrochene Verpackungen dicht verschliessen.<\/p>\n","protected":false},"excerpt":{"rendered":"<p>Der Mikron\u00e4hrstoffd\u00fcnger f\u00fcr alle Kulturen und B\u00f6den mit hohem Bedarf an Mangan, Zink, Bor und Magnesium &#8211; besonders bei regelm\u00e4\u00dfiger organischer D\u00fcngung.<\/p>\n","protected":false},"featured_media":80,"template":"","meta":[],"product_brand":[],"product_cat":[31,32,33,34,61,36,38],"product_tag":[],"class_list":{"0":"post-60","1":"product","2":"type-product","3":"status-publish","4":"has-post-thumbnail","6":"product_cat-garten","7":"product_cat-obstbau","8":"product_cat-weihnachtsbaum","9":"product_cat-weinbau","10":"product_cat-spurenelementduenger","11":"product_cat-feste-duenger","12":"product_cat-bio-duenger","14":"first","15":"instock","16":"sale","17":"taxable","18":"shipping-taxable","19":"purchasable","20":"product-type-variable"},"_links":{"self":[{"href":"https:\/\/wordpress.netpeak.biz\/duengershop-2025\/wp-json\/wp\/v2\/product\/60","targetHints":{"allow":["GET"]}}],"collection":[{"href":"https:\/\/wordpress.netpeak.biz\/duengershop-2025\/wp-json\/wp\/v2\/product"}],"about":[{"href":"https:\/\/wordpress.netpeak.biz\/duengershop-2025\/wp-json\/wp\/v2\/types\/product"}],"wp:featuredmedia":[{"embeddable":true,"href":"https:\/\/wordpress.netpeak.biz\/duengershop-2025\/wp-json\/wp\/v2\/media\/80"}],"wp:attachment":[{"href":"https:\/\/wordpress.netpeak.biz\/duengershop-2025\/wp-json\/wp\/v2\/media?parent=60"}],"wp:term":[{"taxonomy":"product_brand","embeddable":true,"href":"https:\/\/wordpress.netpeak.biz\/duengershop-2025\/wp-json\/wp\/v2\/product_brand?post=60"},{"taxonomy":"product_cat","embeddable":true,"href":"https:\/\/wordpress.netpeak.biz\/duengershop-2025\/wp-json\/wp\/v2\/product_cat?post=60"},{"taxonomy":"product_tag","embeddable":true,"href":"https:\/\/wordpress.netpeak.biz\/duengershop-2025\/wp-json\/wp\/v2\/product_tag?post=60"}],"curies":[{"name":"wp","href":"https:\/\/api.w.org\/{rel}","templated":true}]}}