{"id":58,"date":"2018-02-14T09:31:10","date_gmt":"2018-02-14T08:31:10","guid":{"rendered":"https:\/\/www.raiffeisen-duengershop.de\/?post_type=product&#038;p=58"},"modified":"2025-01-08T11:59:04","modified_gmt":"2025-01-08T10:59:04","slug":"kohlensaurer-kalk-granuliert","status":"publish","type":"product","link":"https:\/\/wordpress.netpeak.biz\/duengershop-2025\/produkt\/einzelnaehrstoffe\/kalkduenger\/kohlensaurer-kalk-granuliert\/","title":{"rendered":"Kohlensaurer Magnesiumkalk 90 granuliert"},"content":{"rendered":"<p>Kohlensaure Kalke wird durch die Vermahlung von Kalkstein bzw. Dolomit hergestellt. Kohlensaurer kalk ist eine eher langsam wirkende Kalkform, die aber sehr nachhaltig den S\u00e4uregehalt im Boden beeinflusst und auch das enthaltene Kalzium (und ggf. das Magnesium) langsam aber dauerhaft abgibt. Ganz entscheidend f\u00fcr die Wirksamkeit des kohlensauren Kalkes ist die Reaktivit\u00e4t. Diese h\u00e4ngt stark von der Mahlfeinheit ab. Umso feiner die Ware aufgemahlen ist desto gr\u00f6\u00dfer ist die Oberfl\u00e4che pro kg Kalk und damit umso schneller die Wirksamkeit. Er verbessert die Kr\u00fcmelstruktur des Bodens und damit die Wasser-, Luft- und W\u00e4rmezirkulation.<\/p>\n<h3>Sicherheitsdatenblatt:<\/h3>\n<p><a href=\"https:\/\/www.raiffeisen-duengershop.de\/wp-content\/uploads\/2018\/02\/SDB-Kohlensaurer-Kalk.pdf\">SDB Kohlensaurer Kalk<\/a><\/p>\n<h3>Anwendung:<\/h3>\n<p>Nur nach den Empfehlungen aus einer Bodenanalyse, denn eine \u00dcberdosierung kann zu Kalium- und Spurenelementmangel f\u00fchren. Nicht geeignet f\u00fcr Rhododendron, Hortensien, Heidelbeeren u. a. s\u00e4ureliebende Pflanzen. Das Produkt ist f\u00fcr den Bio-Anbau zugelassen.<\/p>\n<h3>Lagerungshinweis:<\/h3>\n<p>Trocken und vor Sonne gesch\u00fctzt lagern. F\u00fcr Kinder und Haustiere unerreichbar aufbewahren. D\u00fcnger nicht ins Abwasser oder freie Gew\u00e4sser gelangen lassen. Angebrochene Verpackungen dicht verschliessen.<\/p>\n","protected":false},"excerpt":{"rendered":"<p>Kohlensaurer Kalk 90,\u00a0 82% CaCO<sub>3<\/sub>,\u00a0 11% MgCO<sub>3,<\/sub> 53% CaO<\/p>\n","protected":false},"featured_media":98,"template":"","meta":[],"product_brand":[],"product_cat":[31,32,33,34,60,36,38],"product_tag":[],"class_list":{"0":"post-58","1":"product","2":"type-product","3":"status-publish","4":"has-post-thumbnail","6":"product_cat-garten","7":"product_cat-obstbau","8":"product_cat-weihnachtsbaum","9":"product_cat-weinbau","10":"product_cat-kalkduenger","11":"product_cat-feste-duenger","12":"product_cat-bio-duenger","14":"first","15":"instock","16":"sale","17":"featured","18":"taxable","19":"shipping-taxable","20":"purchasable","21":"product-type-variable"},"_links":{"self":[{"href":"https:\/\/wordpress.netpeak.biz\/duengershop-2025\/wp-json\/wp\/v2\/product\/58","targetHints":{"allow":["GET"]}}],"collection":[{"href":"https:\/\/wordpress.netpeak.biz\/duengershop-2025\/wp-json\/wp\/v2\/product"}],"about":[{"href":"https:\/\/wordpress.netpeak.biz\/duengershop-2025\/wp-json\/wp\/v2\/types\/product"}],"wp:featuredmedia":[{"embeddable":true,"href":"https:\/\/wordpress.netpeak.biz\/duengershop-2025\/wp-json\/wp\/v2\/media\/98"}],"wp:attachment":[{"href":"https:\/\/wordpress.netpeak.biz\/duengershop-2025\/wp-json\/wp\/v2\/media?parent=58"}],"wp:term":[{"taxonomy":"product_brand","embeddable":true,"href":"https:\/\/wordpress.netpeak.biz\/duengershop-2025\/wp-json\/wp\/v2\/product_brand?post=58"},{"taxonomy":"product_cat","embeddable":true,"href":"https:\/\/wordpress.netpeak.biz\/duengershop-2025\/wp-json\/wp\/v2\/product_cat?post=58"},{"taxonomy":"product_tag","embeddable":true,"href":"https:\/\/wordpress.netpeak.biz\/duengershop-2025\/wp-json\/wp\/v2\/product_tag?post=58"}],"curies":[{"name":"wp","href":"https:\/\/api.w.org\/{rel}","templated":true}]}}