{"id":56,"date":"2018-02-14T09:29:20","date_gmt":"2018-02-14T08:29:20","guid":{"rendered":"https:\/\/www.raiffeisen-duengershop.de\/?post_type=product&#038;p=56"},"modified":"2025-04-28T16:06:46","modified_gmt":"2025-04-28T14:06:46","slug":"kieserit-2520","status":"publish","type":"product","link":"https:\/\/wordpress.netpeak.biz\/duengershop-2025\/produkt\/einzelnaehrstoffe\/mg-duenger\/kieserit-2520\/","title":{"rendered":"Kieserit 25+20"},"content":{"rendered":"<h3>Kieserit granuliert, 25% MgO, 20% S<\/h3>\n<p>Kieserit enth\u00e4lt Magnesium und Schwefel in wasserl\u00f6slicher, also rasch wirksamer Form. Er wirkt auch auf B\u00f6den mit hohen pH-Werten und freiem Kalk.<\/p>\n<p>Einen besonders hohen Magnesiumbedarf haben Koniferen, R\u00fcben und Sonnenblumen. Magnesiumsulfat kann die Bildung von Feinwurzeln f\u00f6rdern.<\/p>\n<h3>Anwendung:<\/h3>\n<p>Nur nach den Empfehlungen aus einer Bodenanalyse, denn eine \u00dcberdosierung kann zu Kalium- und Kalziummangel f\u00fchren.<\/p>\n<h3>Lagerungshinweis:<\/h3>\n<p>Trocken und vor Sonne gesch\u00fctzt lagern. F\u00fcr Kinder und Haustiere unerreichbar aufbewahren. D\u00fcnger nicht ins Abwasser oder freie Gew\u00e4sser gelangen lassen. Angebrochene Verpackungen dicht verschliessen.<\/p>\n","protected":false},"excerpt":{"rendered":"<p>Kieserit granuliert, 25% MgO, 20% S Kieserit enth\u00e4lt Magnesium und Schwefel in wasserl\u00f6slicher, also rasch wirksamer Form. Er wirkt auch auf B\u00f6den mit hohen pH-Werten und freiem Kalk. Einen besonders hohen Magnesiumbedarf haben Koniferen, R\u00fcben und Sonnenblumen. Magnesiumsulfat kann die Bildung von Feinwurzeln f\u00f6rdern. Anwendung: Nur nach den Empfehlungen aus einer Bodenanalyse, denn eine \u00dcberdosierung [&hellip;]<\/p>\n","protected":false},"featured_media":92,"template":"","meta":[],"product_brand":[],"product_cat":[32,33,34,59,36,38],"product_tag":[],"class_list":{"0":"post-56","1":"product","2":"type-product","3":"status-publish","4":"has-post-thumbnail","6":"product_cat-obstbau","7":"product_cat-weihnachtsbaum","8":"product_cat-weinbau","9":"product_cat-mg-duenger","10":"product_cat-feste-duenger","11":"product_cat-bio-duenger","13":"first","14":"instock","15":"sale","16":"taxable","17":"shipping-taxable","18":"purchasable","19":"product-type-variable"},"_links":{"self":[{"href":"https:\/\/wordpress.netpeak.biz\/duengershop-2025\/wp-json\/wp\/v2\/product\/56","targetHints":{"allow":["GET"]}}],"collection":[{"href":"https:\/\/wordpress.netpeak.biz\/duengershop-2025\/wp-json\/wp\/v2\/product"}],"about":[{"href":"https:\/\/wordpress.netpeak.biz\/duengershop-2025\/wp-json\/wp\/v2\/types\/product"}],"wp:featuredmedia":[{"embeddable":true,"href":"https:\/\/wordpress.netpeak.biz\/duengershop-2025\/wp-json\/wp\/v2\/media\/92"}],"wp:attachment":[{"href":"https:\/\/wordpress.netpeak.biz\/duengershop-2025\/wp-json\/wp\/v2\/media?parent=56"}],"wp:term":[{"taxonomy":"product_brand","embeddable":true,"href":"https:\/\/wordpress.netpeak.biz\/duengershop-2025\/wp-json\/wp\/v2\/product_brand?post=56"},{"taxonomy":"product_cat","embeddable":true,"href":"https:\/\/wordpress.netpeak.biz\/duengershop-2025\/wp-json\/wp\/v2\/product_cat?post=56"},{"taxonomy":"product_tag","embeddable":true,"href":"https:\/\/wordpress.netpeak.biz\/duengershop-2025\/wp-json\/wp\/v2\/product_tag?post=56"}],"curies":[{"name":"wp","href":"https:\/\/api.w.org\/{rel}","templated":true}]}}