{"id":51,"date":"2018-02-14T09:25:29","date_gmt":"2018-02-14T08:25:29","guid":{"rendered":"https:\/\/www.raiffeisen-duengershop.de\/?post_type=product&#038;p=51"},"modified":"2025-01-14T08:47:25","modified_gmt":"2025-01-14T07:47:25","slug":"superphosphat-18","status":"publish","type":"product","link":"https:\/\/wordpress.netpeak.biz\/duengershop-2025\/produkt\/einzelnaehrstoffe\/p-duenger\/superphosphat-18\/","title":{"rendered":"Superphosphat 18%"},"content":{"rendered":"<h3>Superphosphat 18%<\/h3>\n<p>Superphosphat ist ein granulierter, wasserl\u00f6slicher und damit schnell wirksamer Phosphatd\u00fcnger.<br \/>\nEr wirkt leicht bodenversauernd. Phosphat f\u00f6rdert die Bl\u00fcten- und Samenbildung sowie das Wurzelwachstum.<\/p>\n<h3>Anwendung:<\/h3>\n<p>Nur nach den Empfehlungen aus einer Bodenanalyse zur Behebung von akutem Phosphatmangel.<\/p>\n","protected":false},"excerpt":{"rendered":"<p>Superphosphat 18% P<sub>2<\/sub>O<sub>5<\/sub> (ammoncitratl\u00f6s\u00f6ich, davon mindestens 93% wasserl\u00f6slich)<\/p>\n","protected":false},"featured_media":109,"template":"","meta":[],"product_brand":[],"product_cat":[31,32,33,34,57,36],"product_tag":[],"class_list":{"0":"post-51","1":"product","2":"type-product","3":"status-publish","4":"has-post-thumbnail","6":"product_cat-garten","7":"product_cat-obstbau","8":"product_cat-weihnachtsbaum","9":"product_cat-weinbau","10":"product_cat-p-duenger","11":"product_cat-feste-duenger","13":"first","14":"instock","15":"sale","16":"taxable","17":"shipping-taxable","18":"purchasable","19":"product-type-variable"},"_links":{"self":[{"href":"https:\/\/wordpress.netpeak.biz\/duengershop-2025\/wp-json\/wp\/v2\/product\/51","targetHints":{"allow":["GET"]}}],"collection":[{"href":"https:\/\/wordpress.netpeak.biz\/duengershop-2025\/wp-json\/wp\/v2\/product"}],"about":[{"href":"https:\/\/wordpress.netpeak.biz\/duengershop-2025\/wp-json\/wp\/v2\/types\/product"}],"wp:featuredmedia":[{"embeddable":true,"href":"https:\/\/wordpress.netpeak.biz\/duengershop-2025\/wp-json\/wp\/v2\/media\/109"}],"wp:attachment":[{"href":"https:\/\/wordpress.netpeak.biz\/duengershop-2025\/wp-json\/wp\/v2\/media?parent=51"}],"wp:term":[{"taxonomy":"product_brand","embeddable":true,"href":"https:\/\/wordpress.netpeak.biz\/duengershop-2025\/wp-json\/wp\/v2\/product_brand?post=51"},{"taxonomy":"product_cat","embeddable":true,"href":"https:\/\/wordpress.netpeak.biz\/duengershop-2025\/wp-json\/wp\/v2\/product_cat?post=51"},{"taxonomy":"product_tag","embeddable":true,"href":"https:\/\/wordpress.netpeak.biz\/duengershop-2025\/wp-json\/wp\/v2\/product_tag?post=51"}],"curies":[{"name":"wp","href":"https:\/\/api.w.org\/{rel}","templated":true}]}}