{"id":47,"date":"2018-02-14T09:21:21","date_gmt":"2018-02-14T08:21:21","guid":{"rendered":"https:\/\/www.raiffeisen-duengershop.de\/?post_type=product&#038;p=47"},"modified":"2025-09-20T09:28:08","modified_gmt":"2025-09-20T07:28:08","slug":"entec-26","status":"publish","type":"product","link":"https:\/\/wordpress.netpeak.biz\/duengershop-2025\/produkt\/einzelnaehrstoffe\/n-duenger\/entec-26\/","title":{"rendered":"Ensin plus 26 (syn. Entec 26 &#8211; Novatec 26)"},"content":{"rendered":"<p>Stabilisierter Stickstoffd\u00fcnger mit schneller Startwirkung und nachhaltiger Stickstoff-Freisetzung. D\u00fcngemittel mit Nitrifikationshemmstoff reduzieren die Gefahr der Nitratverlagerung. Es besteht die M\u00f6glichkeit von fr\u00fcheren D\u00fcngeterminen und der Reduktion der Stickstoffaufwandmenge. Wirkungsdauer in Abh\u00e4ngigkeit von Klima, Witterung und Boden: 4-10 Wochen.<\/p>\n<p>Zusammensetzung:<\/p>\n<p>26% N Gesamtstickstoff, davon 7,5% NO3 Nitratstickstoff und 18,5% NH4 Ammoniumstickstoff<br \/>\n13% S Schwefel<br \/>\n13% wasserl\u00f6slicher Schwefel<\/p>\n<h3>Sicherheitsdatenblatt:<\/h3>\n<p><a href=\"https:\/\/www.raiffeisen-duengershop.de\/wp-content\/uploads\/2018\/02\/SDB-Entec-26N.pdf\" target=\"_blank\" rel=\"noopener\">SDB Entec 26N<\/a><\/p>\n<h3>Anwendung:<\/h3>\n<p>Anwendung und Aufwandmenge richten sich nach den Empfehlungen aus einer Bodenanalyse und dem Bedarf der Kultur. Anwendung: 1-3 mal innerhalb einer Vegetationsperiode. Nicht \u00fcberh\u00f6ht dosieren.<\/p>\n<h3>Lagerungshinweis:<\/h3>\n<p>Trocken und vor Sonne gesch\u00fctzt lagern. F\u00fcr Kinder und Haustiere unerreichbar aufbewahren. D\u00fcnger nicht ins Abwasser oder freie Gew\u00e4sser gelangen lassen. Angebrochene Verpackungen dicht verschlie\u00dfen.<\/p>\n","protected":false},"excerpt":{"rendered":"<p>Entec mit 26% N (Gesamt-Stickstoff) davon 7,5% Nitrat-Stickstoff und 18,5% Ammonium-Stickstoff, sowie 13% Schwefel. Der enthaltene Nitrifikationshemmstoff sorgt f\u00fcr eine langsame und gleichm\u00e4ssige Stickstoff-Freisetzung entsprechend dem Bedarf der Pflanze. Damit wird die Gefahr der Nitrat-Auswaschung reduziert und die N-Effizienz erh\u00f6ht.<\/p>\n","protected":false},"featured_media":75,"template":"","meta":[],"product_brand":[],"product_cat":[32,33,34,56,36],"product_tag":[],"class_list":{"0":"post-47","1":"product","2":"type-product","3":"status-publish","4":"has-post-thumbnail","6":"product_cat-obstbau","7":"product_cat-weihnachtsbaum","8":"product_cat-weinbau","9":"product_cat-n-duenger","10":"product_cat-feste-duenger","12":"first","13":"instock","14":"taxable","15":"shipping-taxable","16":"purchasable","17":"product-type-variable"},"_links":{"self":[{"href":"https:\/\/wordpress.netpeak.biz\/duengershop-2025\/wp-json\/wp\/v2\/product\/47","targetHints":{"allow":["GET"]}}],"collection":[{"href":"https:\/\/wordpress.netpeak.biz\/duengershop-2025\/wp-json\/wp\/v2\/product"}],"about":[{"href":"https:\/\/wordpress.netpeak.biz\/duengershop-2025\/wp-json\/wp\/v2\/types\/product"}],"wp:featuredmedia":[{"embeddable":true,"href":"https:\/\/wordpress.netpeak.biz\/duengershop-2025\/wp-json\/wp\/v2\/media\/75"}],"wp:attachment":[{"href":"https:\/\/wordpress.netpeak.biz\/duengershop-2025\/wp-json\/wp\/v2\/media?parent=47"}],"wp:term":[{"taxonomy":"product_brand","embeddable":true,"href":"https:\/\/wordpress.netpeak.biz\/duengershop-2025\/wp-json\/wp\/v2\/product_brand?post=47"},{"taxonomy":"product_cat","embeddable":true,"href":"https:\/\/wordpress.netpeak.biz\/duengershop-2025\/wp-json\/wp\/v2\/product_cat?post=47"},{"taxonomy":"product_tag","embeddable":true,"href":"https:\/\/wordpress.netpeak.biz\/duengershop-2025\/wp-json\/wp\/v2\/product_tag?post=47"}],"curies":[{"name":"wp","href":"https:\/\/api.w.org\/{rel}","templated":true}]}}