{"id":417,"date":"2018-12-21T15:59:17","date_gmt":"2018-12-21T14:59:17","guid":{"rendered":"https:\/\/www.raiffeisen-duengershop.de\/?post_type=product&#038;p=417"},"modified":"2025-01-10T12:19:05","modified_gmt":"2025-01-10T11:19:05","slug":"hornmehl-mit-14-ngesamt-stickstoff","status":"publish","type":"product","link":"https:\/\/wordpress.netpeak.biz\/duengershop-2025\/produkt\/einzelnaehrstoffe\/n-duenger\/hornmehl-mit-14-ngesamt-stickstoff\/","title":{"rendered":"Hornmehl mit 12% organischem Stickstoff"},"content":{"rendered":"<p>Hornmehl ist ein organischer Bio-Stickstoffd\u00fcnger mit lange anhaltender Wirkung (bis 3 Monate). Beim D\u00fcngetermin darauf achten, dass die Wirkung erst nach ca. 4 Wochen einsetzt. Da der Abbau durch Mikroorganismen sehr langsam verl\u00e4uft, ist eine \u00dcberd\u00fcngung kaum m\u00f6glich. Hornsp\u00e4ne f\u00f6rdern das Bodenleben und liefern wertvollen Humus. Zugelassen f\u00fcr den \u00f6kologischen Landbau.<\/p>\n<h3>Anwendung:<\/h3>\n<p>Nur nach den Empfehlungen aus einer Bodenanalyse.<\/p>\n<h3>Lagerungshinweis:<\/h3>\n<p>Trocken und vor Sonne gesch\u00fctzt lagern. F\u00fcr Kinder und Haustiere unerreichbar aufbewahren. D\u00fcnger nicht ins Abwasser oder freie Gew\u00e4sser gelangen lassen. Angebrochene Verpackungen dicht verschliessen.<\/p>\n","protected":false},"excerpt":{"rendered":"<p>Hornmehl ist ein organischer Bio-Stickstoffd\u00fcnger mit lange anhaltender Wirkung (bis 3 Monate).<\/p>\n","protected":false},"featured_media":416,"template":"","meta":[],"product_brand":[],"product_cat":[31,35,56,36,38],"product_tag":[],"class_list":{"0":"post-417","1":"product","2":"type-product","3":"status-publish","4":"has-post-thumbnail","6":"product_cat-garten","7":"product_cat-einzelnaehrstoffe","8":"product_cat-n-duenger","9":"product_cat-feste-duenger","10":"product_cat-bio-duenger","12":"first","13":"instock","14":"sale","15":"taxable","16":"shipping-taxable","17":"purchasable","18":"product-type-variable"},"_links":{"self":[{"href":"https:\/\/wordpress.netpeak.biz\/duengershop-2025\/wp-json\/wp\/v2\/product\/417","targetHints":{"allow":["GET"]}}],"collection":[{"href":"https:\/\/wordpress.netpeak.biz\/duengershop-2025\/wp-json\/wp\/v2\/product"}],"about":[{"href":"https:\/\/wordpress.netpeak.biz\/duengershop-2025\/wp-json\/wp\/v2\/types\/product"}],"wp:featuredmedia":[{"embeddable":true,"href":"https:\/\/wordpress.netpeak.biz\/duengershop-2025\/wp-json\/wp\/v2\/media\/416"}],"wp:attachment":[{"href":"https:\/\/wordpress.netpeak.biz\/duengershop-2025\/wp-json\/wp\/v2\/media?parent=417"}],"wp:term":[{"taxonomy":"product_brand","embeddable":true,"href":"https:\/\/wordpress.netpeak.biz\/duengershop-2025\/wp-json\/wp\/v2\/product_brand?post=417"},{"taxonomy":"product_cat","embeddable":true,"href":"https:\/\/wordpress.netpeak.biz\/duengershop-2025\/wp-json\/wp\/v2\/product_cat?post=417"},{"taxonomy":"product_tag","embeddable":true,"href":"https:\/\/wordpress.netpeak.biz\/duengershop-2025\/wp-json\/wp\/v2\/product_tag?post=417"}],"curies":[{"name":"wp","href":"https:\/\/api.w.org\/{rel}","templated":true}]}}