{"id":3301,"date":"2021-03-26T16:48:38","date_gmt":"2021-03-26T15:48:38","guid":{"rendered":"https:\/\/www.raiffeisen-duengershop.de\/?post_type=product&#038;p=3301"},"modified":"2025-01-10T09:49:46","modified_gmt":"2025-01-10T08:49:46","slug":"country-horse-2122-kraeutermischung","status":"publish","type":"product","link":"https:\/\/wordpress.netpeak.biz\/duengershop-2025\/produkt\/saatgut\/country-horse-2122-kraeutermischung\/","title":{"rendered":"COUNTRY Horse 2122 Kr\u00e4utermischung"},"content":{"rendered":"<p>Vielseitige Kr\u00e4utermischung zur Verbesserung der Schmackhaftigkeit und des Gesundheitswertes des Gr\u00fcnlandaufwuchses.\u00a0 Nach- und Neueinsaat-Mischungen k\u00f6nnen mit dieser Kr\u00e4utermischung aufgewertet werden.<\/p>\n<h3>Hersteller:<\/h3>\n<p>DSV<\/p>\n<h3>Zusammensetzung:<\/h3>\n<p>18% K\u00fcmmel<br \/>\n18% Wegwarte<br \/>\n16% Wiesenknopf<br \/>\n15% Fenchel<br \/>\n10% Petersilie<br \/>\n10% Spitzwegerich<br \/>\n7% Schafgabe<br \/>\n3% Bibernelle<br \/>\n2% Wilde M\u00f6hre<br \/>\n1% Wiesenlabkraut<\/p>\n<h3>Ausbringmenge:<\/h3>\n<p>1,5 kg\/Hektar (= 0,15 g\/m\u00b2) bei maschineller Ausbringung bzw. bei Zugabe zu anderen Saatmischungen.<\/p>\n<p>Bei alleiniger Ausbringung mit Hand: 2 g\/m\u00b2<\/p>\n<h3>Lagerungshinweis:<\/h3>\n<p>Trocken und vor Sonne gesch\u00fctzt lagern. Angebrochene Verpackungen dicht verschliessen.<\/p>\n","protected":false},"excerpt":{"rendered":"<p>Wiesenkr\u00e4uter werden gerne gefressen, f\u00f6rdern die Vitalit\u00e4t und Widerstandskraft der Pferde und haben einen positiven Einfluss auf das Wohlbefinden der Tiere. Schon die Aussaat von 1,5 kg\/ha COUNTRY Horse 2122 zusammen mit der normalen Ansaat oder Nachsaat verbessert den Weideaufwuchs und das Heu.<\/p>\n","protected":false},"featured_media":9865,"template":"","meta":[],"product_brand":[],"product_cat":[71],"product_tag":[],"class_list":{"0":"post-3301","1":"product","2":"type-product","3":"status-publish","4":"has-post-thumbnail","6":"product_cat-saatgut","8":"first","9":"instock","10":"featured","11":"taxable","12":"shipping-taxable","13":"purchasable","14":"product-type-variable"},"_links":{"self":[{"href":"https:\/\/wordpress.netpeak.biz\/duengershop-2025\/wp-json\/wp\/v2\/product\/3301","targetHints":{"allow":["GET"]}}],"collection":[{"href":"https:\/\/wordpress.netpeak.biz\/duengershop-2025\/wp-json\/wp\/v2\/product"}],"about":[{"href":"https:\/\/wordpress.netpeak.biz\/duengershop-2025\/wp-json\/wp\/v2\/types\/product"}],"wp:featuredmedia":[{"embeddable":true,"href":"https:\/\/wordpress.netpeak.biz\/duengershop-2025\/wp-json\/wp\/v2\/media\/9865"}],"wp:attachment":[{"href":"https:\/\/wordpress.netpeak.biz\/duengershop-2025\/wp-json\/wp\/v2\/media?parent=3301"}],"wp:term":[{"taxonomy":"product_brand","embeddable":true,"href":"https:\/\/wordpress.netpeak.biz\/duengershop-2025\/wp-json\/wp\/v2\/product_brand?post=3301"},{"taxonomy":"product_cat","embeddable":true,"href":"https:\/\/wordpress.netpeak.biz\/duengershop-2025\/wp-json\/wp\/v2\/product_cat?post=3301"},{"taxonomy":"product_tag","embeddable":true,"href":"https:\/\/wordpress.netpeak.biz\/duengershop-2025\/wp-json\/wp\/v2\/product_tag?post=3301"}],"curies":[{"name":"wp","href":"https:\/\/api.w.org\/{rel}","templated":true}]}}