{"id":3297,"date":"2021-03-26T16:39:07","date_gmt":"2021-03-26T15:39:07","guid":{"rendered":"https:\/\/www.raiffeisen-duengershop.de\/?post_type=product&#038;p=3297"},"modified":"2025-01-10T09:50:21","modified_gmt":"2025-01-10T08:50:21","slug":"country-horse-2120-zur-neuansaat","status":"publish","type":"product","link":"https:\/\/wordpress.netpeak.biz\/duengershop-2025\/produkt\/saatgut\/country-horse-2120-zur-neuansaat\/","title":{"rendered":"COUNTRY Horse 2120 zur Neuansaat"},"content":{"rendered":"<p>Fruktanreduzierte Mischung f\u00fcr die Pferdeweide und zur Heu- und Silagegewinnung. Optimal f\u00fcr 2-3 Nutzungenpro Jahr.<\/p>\n<p>Aussaatst\u00e4rke 40 kg\/ ha, bzw. 4 g\/m\u00b2.<\/p>\n<h3>Hersteller:<\/h3>\n<p>DSV<\/p>\n<h3>Zusammensetzung:<\/h3>\n<p>30% Wiesenlieschgras<br \/>\n25% Wiesenschwingel<br \/>\n15% Wiesenrispe<br \/>\n15% Rotschwingel<br \/>\n5% Rohrschwingel<br \/>\n5% Wiesenfuchsschwanz (fr\u00fch)<br \/>\n5% Deutsches Weidelgras<\/p>\n<h3>Lagerungshinweis:<\/h3>\n<p>Trocken und vor Sonne gesch\u00fctzt lagern. Angebrochene Verpackungen dicht verschliessen.<\/p>\n","protected":false},"excerpt":{"rendered":"<p>Diese Mischung enth\u00e4lt hohe Anteile an Gr\u00e4sern, die einen niedrigen Fruktangehalt erwarten lassen. Dadurch ist es m\u00f6glich, das Risiko der Entstehung von Hufrehe nach dem Weideauftrieb zu reduzieren. Die Mischung eignet sich daher zur Weidenutzung. Dar\u00fcber hinaus kann sie ebenfalls zur Heu- und Silageproduktion eingesetzt werden.<\/p>\n","protected":false},"featured_media":9867,"template":"","meta":[],"product_brand":[],"product_cat":[71],"product_tag":[],"class_list":{"0":"post-3297","1":"product","2":"type-product","3":"status-publish","4":"has-post-thumbnail","6":"product_cat-saatgut","8":"first","9":"instock","10":"featured","11":"taxable","12":"shipping-taxable","13":"purchasable","14":"product-type-variable"},"_links":{"self":[{"href":"https:\/\/wordpress.netpeak.biz\/duengershop-2025\/wp-json\/wp\/v2\/product\/3297","targetHints":{"allow":["GET"]}}],"collection":[{"href":"https:\/\/wordpress.netpeak.biz\/duengershop-2025\/wp-json\/wp\/v2\/product"}],"about":[{"href":"https:\/\/wordpress.netpeak.biz\/duengershop-2025\/wp-json\/wp\/v2\/types\/product"}],"wp:featuredmedia":[{"embeddable":true,"href":"https:\/\/wordpress.netpeak.biz\/duengershop-2025\/wp-json\/wp\/v2\/media\/9867"}],"wp:attachment":[{"href":"https:\/\/wordpress.netpeak.biz\/duengershop-2025\/wp-json\/wp\/v2\/media?parent=3297"}],"wp:term":[{"taxonomy":"product_brand","embeddable":true,"href":"https:\/\/wordpress.netpeak.biz\/duengershop-2025\/wp-json\/wp\/v2\/product_brand?post=3297"},{"taxonomy":"product_cat","embeddable":true,"href":"https:\/\/wordpress.netpeak.biz\/duengershop-2025\/wp-json\/wp\/v2\/product_cat?post=3297"},{"taxonomy":"product_tag","embeddable":true,"href":"https:\/\/wordpress.netpeak.biz\/duengershop-2025\/wp-json\/wp\/v2\/product_tag?post=3297"}],"curies":[{"name":"wp","href":"https:\/\/api.w.org\/{rel}","templated":true}]}}