{"id":282,"date":"2018-04-25T17:06:57","date_gmt":"2018-04-25T15:06:57","guid":{"rendered":"https:\/\/www.raiffeisen-duengershop.de\/?post_type=product&#038;p=282"},"modified":"2025-01-10T10:11:21","modified_gmt":"2025-01-10T09:11:21","slug":"sedumin-bor-vital-b5-pellets","status":"publish","type":"product","link":"https:\/\/wordpress.netpeak.biz\/duengershop-2025\/produkt\/einzelnaehrstoffe\/spurenelementduenger\/sedumin-bor-vital-b5-pellets\/","title":{"rendered":"SEDUMIN Bor-Vital B5 Feingranulat"},"content":{"rendered":"<p>Sedumin Bor-Vital B5 ist ein fein granulierter organisch-mineralischer Volld\u00fcnger mit 45% organischer Substanz.<\/p>\n<p><b>Deklaration:<\/b><\/p>\n<ul>\n<li>2% N Gesamt-Stickstoff, organisch gebunden<\/li>\n<li>1% P2O5 Phosphat gesamt<\/li>\n<li>1% K2O Kaliumoxid gesamt<\/li>\n<li>5% B Bor gesamt<\/li>\n<\/ul>\n<p><b>Ausgangsstoffe:<\/b> Kakaoschalen, Traubenkernmehl, Algenextrakt, Regenwurmhumus, Kalziumborat.<\/p>\n<p>Sedumin Bor-Vital wird aus ausgesuchten und hochwertigen Rohstoffen hergestellt. Enthalten sind einerseits schnell verf\u00fcgbare organische Stoffe wie Humin- und Fulvos\u00e4uren, Auxine und aktive Mikroorganismen und andererseits mineralische Bestandteile wie\u00a0 Zeolith und Calziumborat.<\/p>\n<p>Durch diese Inhaltstoffe wird nicht nur das Bodenleben angeregt und gebundene N\u00e4hrstoffe wie Phosphor und Kalium leichter freigesetzt, sondern auch der Anteil des nutzbaren Wassers positiv beeinflusst .<\/p>\n<p>Bor-Vital mit Algenextrakt: Aus 100%\u00a0 Meeres-Algen (Ascophyllum Nodosum). Diese enthalten die h\u00f6chste Konzentration an Phytohormone wie Cytokinine, Gibberelline, Auxine, oligomere Alginate, Kalium, Betain, Mannit, Polysaccharid, Jod, -und Algin Polyphenol sowie Spurenelemente. Algen l\u00f6sen bemerkenswerte Funktionen bei den Pflanzen aus; wie z.B. F\u00f6rderung der Zellteilung, Vorbeugung gegen Pflanzenkrankheiten und Schadinsekten, Erh\u00f6hung der Ernteertr\u00e4ge, Regulierung von Wachstum, Verbesserung des Bodenzustandes und als Anti-Stressregulator.<\/p>\n<p>Bor-Vital mit Zusatz von Regenwurmhumus: Ausschlie\u00dflich zertifiziertes Material zur Aktivierung des Bodenlebens mit Huminstoffen, Fulvos\u00e4uren, Auxine und Mikron\u00e4hrstoffen.<\/p>\n<p>Das Produkt ist im Bio-Anbau zugelassen.<\/p>\n<h3>Anwendung:<\/h3>\n<p>Nur nach den Empfehlungen aus einer Boden-\/Pflanzenanalyse, wenn ein tats\u00e4chlicher Bedarf nachgewiesen wurde. Bei \u00dcberdosierung k\u00f6nnen in bestimmten Kulturen Sch\u00e4den auftreten.<\/p>\n<h3>Lagerungshinweis:<\/h3>\n<p>Trocken und vor Sonne gesch\u00fctzt lagern. F\u00fcr Kinder und Haustiere unerreichbar aufbewahren. D\u00fcnger nicht ins Abwasser oder freie Gew\u00e4sser gelangen lassen. Angebrochene Verpackungen dicht verschliessen.<\/p>\n","protected":false},"excerpt":{"rendered":"<p>Sedumin Bor-Vital wird aus ausgesuchten und hochwertigen Rohstoffen hergestellt. Enthalten sind einerseits schnell verf\u00fcgbare organische Stoffe wie Humin- und Fulvos\u00e4uren, Auxine und aktive Mikroorganismen und andererseits mineralische Bestandteile wie\u00a0 Zeolith und Calziumborat.<\/p>\n","protected":false},"featured_media":281,"template":"","meta":[],"product_brand":[],"product_cat":[31,32,33,34,61,36,38],"product_tag":[],"class_list":{"0":"post-282","1":"product","2":"type-product","3":"status-publish","4":"has-post-thumbnail","6":"product_cat-garten","7":"product_cat-obstbau","8":"product_cat-weihnachtsbaum","9":"product_cat-weinbau","10":"product_cat-spurenelementduenger","11":"product_cat-feste-duenger","12":"product_cat-bio-duenger","14":"first","15":"instock","16":"sale","17":"taxable","18":"shipping-taxable","19":"purchasable","20":"product-type-variable"},"_links":{"self":[{"href":"https:\/\/wordpress.netpeak.biz\/duengershop-2025\/wp-json\/wp\/v2\/product\/282","targetHints":{"allow":["GET"]}}],"collection":[{"href":"https:\/\/wordpress.netpeak.biz\/duengershop-2025\/wp-json\/wp\/v2\/product"}],"about":[{"href":"https:\/\/wordpress.netpeak.biz\/duengershop-2025\/wp-json\/wp\/v2\/types\/product"}],"wp:featuredmedia":[{"embeddable":true,"href":"https:\/\/wordpress.netpeak.biz\/duengershop-2025\/wp-json\/wp\/v2\/media\/281"}],"wp:attachment":[{"href":"https:\/\/wordpress.netpeak.biz\/duengershop-2025\/wp-json\/wp\/v2\/media?parent=282"}],"wp:term":[{"taxonomy":"product_brand","embeddable":true,"href":"https:\/\/wordpress.netpeak.biz\/duengershop-2025\/wp-json\/wp\/v2\/product_brand?post=282"},{"taxonomy":"product_cat","embeddable":true,"href":"https:\/\/wordpress.netpeak.biz\/duengershop-2025\/wp-json\/wp\/v2\/product_cat?post=282"},{"taxonomy":"product_tag","embeddable":true,"href":"https:\/\/wordpress.netpeak.biz\/duengershop-2025\/wp-json\/wp\/v2\/product_tag?post=282"}],"curies":[{"name":"wp","href":"https:\/\/api.w.org\/{rel}","templated":true}]}}