{"id":28,"date":"2018-02-09T11:30:32","date_gmt":"2018-02-09T10:30:32","guid":{"rendered":"https:\/\/www.raiffeisen-duengershop.de\/?post_type=product&#038;p=28"},"modified":"2025-01-13T14:16:48","modified_gmt":"2025-01-13T13:16:48","slug":"testprodukt","status":"publish","type":"product","link":"https:\/\/wordpress.netpeak.biz\/duengershop-2025\/produkt\/einzelnaehrstoffe\/n-duenger\/testprodukt\/","title":{"rendered":"AHL 30 (Fl\u00fcssig-Stickstoffd\u00fcnger)"},"content":{"rendered":"<p><strong>Ammoniumnitrat-Harnstoff-L\u00f6sung 30<\/strong><br \/>\n<strong>EG-D\u00dcNGEMITTEL<\/strong><\/p>\n<ul>\n<li>30 % N Gesamtstickstoff<\/li>\n<li>15 % N Carbamidstickstoff<\/li>\n<li>7,5 % N Nitratstickstoff<\/li>\n<li>7,5 % N Ammoniumstickstoff<\/li>\n<li>&lt; 0,5% Biuret<\/li>\n<li>Dichte: 1,30 kg\/l<\/li>\n<li>pH-Wert: 6,4 &#8211; 7,2<\/li>\n<li>Farbe: farblos, klar<\/li>\n<li>Lagerung: nicht unter -10 \u00b0C.<\/li>\n<\/ul>\n<p>Fl\u00fcssiger Stickstoffd\u00fcnger mit 7,5 % schnell wirksamem Nitrat-N, 7,5% mittelschnell wirksamem Ammonium-N und 15% langsam wirkendem Harnstoff. Damit versorgt dieser Fl\u00fcssigd\u00fcnger die Pflanzen nicht nur schnell, sondern auch nachhaltig.<\/p>\n<h3><strong>Anwendung:<\/strong><\/h3>\n<p>Nur nach den Empfehlungen aus einer Boden-\/Pflanzenanalyse zur Blattd\u00fcngung.<br \/>\nAHL 30 kann mit fast allen g\u00e4ngigen Mikron\u00e4hrstoffen gemischt werden. AHL unterst\u00fctzt die Aufnahme von Spurenelementen in die Pflanze. Verwenden Sie Antidrift-D\u00fcsen im niedrigen Druckbereich von 1 &#8211; 2 bar.<\/p>\n<p><strong>Tipps zur fachgerechten Ausbringung:<\/strong><\/p>\n<ul>\n<li>Ber\u00fccksichtigen Sie die entwicklungsabh\u00e4ngige Vertr\u00e4glichkeit.<\/li>\n<li>Spritzen Sie m\u00f6glichst mittlere bis grobe Tropfen bei niedrigerem Druck mit Antidrift- oder Injektord\u00fcsen.<\/li>\n<li>Bei kritischen Bedingungen oder Entwicklungsstadien setzen Sie Mehrlochd\u00fcsen oder Schleppschl\u00e4uche ein.<\/li>\n<li>Achten Sie auf eine gut ausgebildete Wachsschicht. Nach l\u00e4ngeren Niederschl\u00e4gen warten Sie lieber ein bis zwei Tage.<\/li>\n<li>Der Einsatz bei frosttrockenen oder stark bereiften Pflanzen ist m\u00f6glich, nicht jedoch bei schwachem Raureif oder Tauwetter.<\/li>\n<li>Meiden Sie Wechselfr\u00f6ste im Fr\u00fchjahr und intensive Sonneneinstrahlung oder Hitze im Sommer. G\u00fcnstig sind Temperaturen zwischen 5 \u00b0C und 23 \u00b0C.<\/li>\n<li>Am besten nutzen Sie die Nachmittags- und Abendstunden.<\/li>\n<\/ul>\n<h3>Lagerungshinweis:<\/h3>\n<p>Trocken und vor Sonne gesch\u00fctzt lagern. F\u00fcr Kinder und Haustiere unerreichbar aufbewahren. D\u00fcnger nicht ins Abwasser oder freie Gew\u00e4sser gelangen lassen. Angebrochene Verpackungen dicht verschliessen.<\/p>\n","protected":false},"excerpt":{"rendered":"<p>Fl\u00fcssiger Stickstoffd\u00fcnger mit 7,5 % schnell wirksamem Nitrat-N, 7,5% mittelschnell wirksamem Ammonium-N und 15% langsam wirkendem Harnstoff. Damit versorgt \u00a0dieser Fl\u00fcssigd\u00fcnger die Pflanzen nicht nur schnell, sondern auch nachhaltig.<\/p>\n","protected":false},"featured_media":1252,"template":"","meta":[],"product_brand":[],"product_cat":[33,56,37],"product_tag":[],"class_list":{"0":"post-28","1":"product","2":"type-product","3":"status-publish","4":"has-post-thumbnail","6":"product_cat-weihnachtsbaum","7":"product_cat-n-duenger","8":"product_cat-fluessigduenger","10":"first","11":"instock","12":"taxable","13":"shipping-taxable","14":"purchasable","15":"product-type-variable"},"_links":{"self":[{"href":"https:\/\/wordpress.netpeak.biz\/duengershop-2025\/wp-json\/wp\/v2\/product\/28","targetHints":{"allow":["GET"]}}],"collection":[{"href":"https:\/\/wordpress.netpeak.biz\/duengershop-2025\/wp-json\/wp\/v2\/product"}],"about":[{"href":"https:\/\/wordpress.netpeak.biz\/duengershop-2025\/wp-json\/wp\/v2\/types\/product"}],"wp:featuredmedia":[{"embeddable":true,"href":"https:\/\/wordpress.netpeak.biz\/duengershop-2025\/wp-json\/wp\/v2\/media\/1252"}],"wp:attachment":[{"href":"https:\/\/wordpress.netpeak.biz\/duengershop-2025\/wp-json\/wp\/v2\/media?parent=28"}],"wp:term":[{"taxonomy":"product_brand","embeddable":true,"href":"https:\/\/wordpress.netpeak.biz\/duengershop-2025\/wp-json\/wp\/v2\/product_brand?post=28"},{"taxonomy":"product_cat","embeddable":true,"href":"https:\/\/wordpress.netpeak.biz\/duengershop-2025\/wp-json\/wp\/v2\/product_cat?post=28"},{"taxonomy":"product_tag","embeddable":true,"href":"https:\/\/wordpress.netpeak.biz\/duengershop-2025\/wp-json\/wp\/v2\/product_tag?post=28"}],"curies":[{"name":"wp","href":"https:\/\/api.w.org\/{rel}","templated":true}]}}