{"id":2396,"date":"2020-10-20T10:09:39","date_gmt":"2020-10-20T08:09:39","guid":{"rendered":"https:\/\/www.raiffeisen-duengershop.de\/?post_type=product&#038;p=2396"},"modified":"2025-01-10T14:52:37","modified_gmt":"2025-01-10T13:52:37","slug":"urgesteinsmehl-lieferbar-ab-ende-januar-2021","status":"publish","type":"product","link":"https:\/\/wordpress.netpeak.biz\/duengershop-2025\/produkt\/garten\/urgesteinsmehl-lieferbar-ab-ende-januar-2021\/","title":{"rendered":"Urgesteinsmehl"},"content":{"rendered":"<p>Urgesteinsmehl aus gemahlenem Vulkangestein, dass ihren Boden und somit auch ihre Pflanzen mit vielen wichtigen Mineralien und Spurenelementen versorgt. Der hohe Anteil an Kiesels\u00e4ure wirkt sich positiv auf die Qualit\u00e4t ihres Erntegutes aus und verbessert au\u00dferdem nachhaltig die Qualit\u00e4t ihres Bodens.<br \/>\nUrgesteinsmehl ist zur Kompostverbesserung bestens geeignet.<br \/>\nAktiviert das Bodenleben.<\/p>\n<h3>Zusammensetzung:<\/h3>\n<p>Basaltsteinmehl<br \/>\n41 % SiO2 Silizium<br \/>\n8,5 % MgCO3 Magnesiumcarbonat<br \/>\n12 % Fe Eisen<br \/>\n16 % basisch wirksame Bestandteile (als CaO)<\/p>\n<h3>Anwendung:<\/h3>\n<p>Nur nach den Empfehlungen aus einer Bodenanalyse wenn ein tats\u00e4chlicher Bedarf nachgewiesen wurde.<\/p>\n<p>300 g\/m\u00b2 zur Bodenverbesserung &#8211; ganzj\u00e4hrig<br \/>\n100 g\/m\u00b2 auf dem Rasen &#8211; im Fr\u00fchjahr<br \/>\n10 kg\/m\u00b3 zur Kompostierung<\/p>\n<h3>Lagerungshinweis:<\/h3>\n<p>Trocken und vor Sonne gesch\u00fctzt lagern. F\u00fcr Kinder und Haustiere unerreichbar aufbewahren. D\u00fcnger nicht ins Abwasser oder freie Gew\u00e4sser gelangen lassen. Angebrochene Verpackungen dicht verschliessen.<\/p>\n","protected":false},"excerpt":{"rendered":"<p>Bodenhilfsstoff aus Lava-Gesteinsmehl<\/p>\n","protected":false},"featured_media":6329,"template":"","meta":[],"product_brand":[],"product_cat":[31,32,74,36,38],"product_tag":[],"class_list":{"0":"post-2396","1":"product","2":"type-product","3":"status-publish","4":"has-post-thumbnail","6":"product_cat-garten","7":"product_cat-obstbau","8":"product_cat-bodenverbesserung","9":"product_cat-feste-duenger","10":"product_cat-bio-duenger","12":"first","13":"instock","14":"sale","15":"taxable","16":"shipping-taxable","17":"purchasable","18":"product-type-variable"},"_links":{"self":[{"href":"https:\/\/wordpress.netpeak.biz\/duengershop-2025\/wp-json\/wp\/v2\/product\/2396","targetHints":{"allow":["GET"]}}],"collection":[{"href":"https:\/\/wordpress.netpeak.biz\/duengershop-2025\/wp-json\/wp\/v2\/product"}],"about":[{"href":"https:\/\/wordpress.netpeak.biz\/duengershop-2025\/wp-json\/wp\/v2\/types\/product"}],"wp:featuredmedia":[{"embeddable":true,"href":"https:\/\/wordpress.netpeak.biz\/duengershop-2025\/wp-json\/wp\/v2\/media\/6329"}],"wp:attachment":[{"href":"https:\/\/wordpress.netpeak.biz\/duengershop-2025\/wp-json\/wp\/v2\/media?parent=2396"}],"wp:term":[{"taxonomy":"product_brand","embeddable":true,"href":"https:\/\/wordpress.netpeak.biz\/duengershop-2025\/wp-json\/wp\/v2\/product_brand?post=2396"},{"taxonomy":"product_cat","embeddable":true,"href":"https:\/\/wordpress.netpeak.biz\/duengershop-2025\/wp-json\/wp\/v2\/product_cat?post=2396"},{"taxonomy":"product_tag","embeddable":true,"href":"https:\/\/wordpress.netpeak.biz\/duengershop-2025\/wp-json\/wp\/v2\/product_tag?post=2396"}],"curies":[{"name":"wp","href":"https:\/\/api.w.org\/{rel}","templated":true}]}}