{"id":2369,"date":"2020-10-09T09:00:06","date_gmt":"2020-10-09T07:00:06","guid":{"rendered":"https:\/\/www.raiffeisen-duengershop.de\/?post_type=product&#038;p=2369"},"modified":"2025-02-20T14:21:07","modified_gmt":"2025-02-20T13:21:07","slug":"blaue-lupine-lupinus-angustifolius","status":"publish","type":"product","link":"https:\/\/wordpress.netpeak.biz\/duengershop-2025\/produkt\/saatgut\/blaue-lupine-lupinus-angustifolius\/","title":{"rendered":"Blaue Lupine (Lupinus angustifolius)"},"content":{"rendered":"<p>D\u00fcnge-Lupinen tragen wesentlich zur Gesunderhaltung und Verbesserung des Gartenbodens bei und steigern durch N\u00e4hrstoffbindung langfristig den Ertrag und die Qualit\u00e4t von Folgekulturen. D\u00fcnge-Lupinen bilden an ihren Pfahlwurzeln, die bis zu 200 cm tief in den Boden eindringen, zahlreiche Kn\u00f6llchenbakterien, die Stickstoff im Boden anreichern. Die D\u00fcnge-Lupinen eigenen sich daher besonders gut als Vorkultur von Pflanzen, die viel Stickstoff ben\u00f6tigen, wie Kohlgem\u00fcse und Porree (Starkzehrer). Zum Zeitpunkt der Bl\u00fcte verwandelt sich die Fl\u00e4che in ein reich bl\u00fchendes, zartblaues Bl\u00fctenmeer.<\/p>\n<h3>Hersteller<\/h3>\n<p>Kiepenkerl<\/p>\n<h3>Anwendung:<\/h3>\n<p>Aussaatmenge: 20 g je Quadratmeter<br \/>\nAussaattermin: Mai bis Mitte September. Sie keimt innerhalb von 1-2 Wochen.<\/p>\n<h3>Lagerungshinweis:<\/h3>\n<p>Trocken und vor Sonne gesch\u00fctzt lagern. Angebrochene Verpackungen dicht verschliessen.<\/p>\n","protected":false},"excerpt":{"rendered":"<p>Wertvoller Gr\u00fcnd\u00fcnger f\u00fcr den Nutzgarten<\/p>\n","protected":false},"featured_media":2368,"template":"","meta":[],"product_brand":[],"product_cat":[71],"product_tag":[],"class_list":{"0":"post-2369","1":"product","2":"type-product","3":"status-publish","4":"has-post-thumbnail","6":"product_cat-saatgut","8":"first","9":"instock","10":"taxable","11":"shipping-taxable","12":"purchasable","13":"product-type-variable","14":"has-default-attributes"},"_links":{"self":[{"href":"https:\/\/wordpress.netpeak.biz\/duengershop-2025\/wp-json\/wp\/v2\/product\/2369","targetHints":{"allow":["GET"]}}],"collection":[{"href":"https:\/\/wordpress.netpeak.biz\/duengershop-2025\/wp-json\/wp\/v2\/product"}],"about":[{"href":"https:\/\/wordpress.netpeak.biz\/duengershop-2025\/wp-json\/wp\/v2\/types\/product"}],"wp:featuredmedia":[{"embeddable":true,"href":"https:\/\/wordpress.netpeak.biz\/duengershop-2025\/wp-json\/wp\/v2\/media\/2368"}],"wp:attachment":[{"href":"https:\/\/wordpress.netpeak.biz\/duengershop-2025\/wp-json\/wp\/v2\/media?parent=2369"}],"wp:term":[{"taxonomy":"product_brand","embeddable":true,"href":"https:\/\/wordpress.netpeak.biz\/duengershop-2025\/wp-json\/wp\/v2\/product_brand?post=2369"},{"taxonomy":"product_cat","embeddable":true,"href":"https:\/\/wordpress.netpeak.biz\/duengershop-2025\/wp-json\/wp\/v2\/product_cat?post=2369"},{"taxonomy":"product_tag","embeddable":true,"href":"https:\/\/wordpress.netpeak.biz\/duengershop-2025\/wp-json\/wp\/v2\/product_tag?post=2369"}],"curies":[{"name":"wp","href":"https:\/\/api.w.org\/{rel}","templated":true}]}}