{"id":2332,"date":"2020-09-29T14:05:39","date_gmt":"2020-09-29T12:05:39","guid":{"rendered":"https:\/\/www.raiffeisen-duengershop.de\/?post_type=product&#038;p=2332"},"modified":"2025-01-10T09:51:52","modified_gmt":"2025-01-10T08:51:52","slug":"phacelia","status":"publish","type":"product","link":"https:\/\/wordpress.netpeak.biz\/duengershop-2025\/produkt\/saatgut\/phacelia\/","title":{"rendered":"Phacelia tanacetifolia"},"content":{"rendered":"<p>Phacelia, auch Bienenfreund, Bienenweide, B\u00fcschelsch\u00f6n oder B\u00fcschelblume genannt.<\/p>\n<p>Sie ist recht anspruchslos und trockenheitsresitent und w\u00e4chst so ziemlich auf allen B\u00f6den, die keine Staun\u00e4sse aufweisen. Die Pflanze wurzelt bis 60 cm tief, wird bis 100 cm hoch und bildet viel Pflanzenmasse. Bei Bienen ist sie sehr beliebt: Aus ca. 20 m\u00b2 Anbaufl\u00e4che k\u00f6nnen die Bienen bis zu einem Liter Honig pro Jahr gewinnen. Phacelia ben\u00f6tigt keinen D\u00fcnger und friert bei ca. &#8211; 5\u00b0C ab. Die abgefrorene Pflanze wird dann im Fr\u00fchjahr von den Bodenorganismen zersetzt und gibt die zwischengespeicherten N\u00e4hrstoffe wieder frei. So wird der Humusgehalt des Bodens verbessert, Erosion und N\u00e4hrstoffverluste im Winter vermieden.<\/p>\n<h3>Hersteller<\/h3>\n<p>DSV<\/p>\n<h3>Anwendung:<\/h3>\n<p>Aussaatmenge: 5 g je Quadratmeter<br \/>\nAussaattermin: April-Mai (Pflanze nach der Bl\u00fcte vor Samenreife mulchen) oder im Sp\u00e4tsommer.<\/p>\n<h3>Lagerungshinweis:<\/h3>\n<p>Trocken und vor Sonne gesch\u00fctzt lagern. Angebrochene Verpackungen dicht verschliessen.<\/p>\n","protected":false},"excerpt":{"rendered":"<p>Wertvoller Gr\u00fcnd\u00fcnger f\u00fcr den Nutzgarten<\/p>\n","protected":false},"featured_media":2330,"template":"","meta":[],"product_brand":[],"product_cat":[71],"product_tag":[],"class_list":{"0":"post-2332","1":"product","2":"type-product","3":"status-publish","4":"has-post-thumbnail","6":"product_cat-saatgut","8":"first","9":"instock","10":"taxable","11":"shipping-taxable","12":"purchasable","13":"product-type-variable"},"_links":{"self":[{"href":"https:\/\/wordpress.netpeak.biz\/duengershop-2025\/wp-json\/wp\/v2\/product\/2332","targetHints":{"allow":["GET"]}}],"collection":[{"href":"https:\/\/wordpress.netpeak.biz\/duengershop-2025\/wp-json\/wp\/v2\/product"}],"about":[{"href":"https:\/\/wordpress.netpeak.biz\/duengershop-2025\/wp-json\/wp\/v2\/types\/product"}],"wp:featuredmedia":[{"embeddable":true,"href":"https:\/\/wordpress.netpeak.biz\/duengershop-2025\/wp-json\/wp\/v2\/media\/2330"}],"wp:attachment":[{"href":"https:\/\/wordpress.netpeak.biz\/duengershop-2025\/wp-json\/wp\/v2\/media?parent=2332"}],"wp:term":[{"taxonomy":"product_brand","embeddable":true,"href":"https:\/\/wordpress.netpeak.biz\/duengershop-2025\/wp-json\/wp\/v2\/product_brand?post=2332"},{"taxonomy":"product_cat","embeddable":true,"href":"https:\/\/wordpress.netpeak.biz\/duengershop-2025\/wp-json\/wp\/v2\/product_cat?post=2332"},{"taxonomy":"product_tag","embeddable":true,"href":"https:\/\/wordpress.netpeak.biz\/duengershop-2025\/wp-json\/wp\/v2\/product_tag?post=2332"}],"curies":[{"name":"wp","href":"https:\/\/api.w.org\/{rel}","templated":true}]}}