{"id":1236,"date":"2020-02-28T11:58:33","date_gmt":"2020-02-28T10:58:33","guid":{"rendered":"https:\/\/www.raiffeisen-duengershop.de\/?post_type=product&#038;p=1236"},"modified":"2025-01-10T14:25:27","modified_gmt":"2025-01-10T13:25:27","slug":"schwefel-linsen","status":"publish","type":"product","link":"https:\/\/wordpress.netpeak.biz\/duengershop-2025\/produkt\/garten\/schwefel-linsen\/","title":{"rendered":"Schwefel-Linsen"},"content":{"rendered":"<p>Schwefel-Linsen bestehen zu 90 % aus elementarem Schwefel und zu 10 % aus Bentonit.<\/p>\n<p>Nach der Ausbringung quellen die Linsen aufgrund des Bentonit-Gehaltes und zerfallen bereits bei geringer Feuchtigkeit (z.B. Tau). Im Boden wird der elementare Schwefel dann durch mikrobielle Aktivit\u00e4t kontinuierlich zu pflanzenverf\u00fcgbarem Sulfatschwefel umgewandelt.<\/p>\n<p>Elementarer Schwefel wirkt versauernd und senkt den pH-Wert des Bodens:<br \/>\n1 kg Schwefel-Linsen verbrauchen knapp 3 kg Kalk (Calziumcarbonat) entsprechend 1,8 kg CaO.<\/p>\n<p>Elementarer Schwefel verbessert die nat\u00fcrliche Widerstandskraft der Pflanzen gegen Krankheiten und sonstige Umwelteinfl\u00fcsse. Schwefel ist Nahrung f\u00fcr Bodenbakterien, insbesondere Kn\u00f6llchenbakterien und unterst\u00fctzt damit die Stickstoffbildung und den Humusaufbau.<\/p>\n<p>Schwefel-Linsen sind im Bio-Anbau zugelassen.<\/p>\n<h3>Sicherheitshinweis:<\/h3>\n<p>Da Schwefel hautreizend ist, Kontakt mit Haut, Augen und Kleidung vermeiden und Handschuhe tragen. Von Z\u00fcndquellen fernhalten. Nicht rauchen.<\/p>\n<h3>Anwendung:<\/h3>\n<p>Nur nach den Empfehlungen aus einer Bodenanalyse anwenden.<\/p>\n<h3>Lagerung:<\/h3>\n<p>K\u00fchl aber frostfrei, trocken und ohne direkte Sonnenbestrahlung lagern.<\/p>\n","protected":false},"excerpt":{"rendered":"<p>Elementarer Schwefel verbessert die nat\u00fcrliche Widerstandskraft der Pflanzen gegen Krankheiten und sonstige Umwelteinfl\u00fcsse.<\/p>\n","protected":false},"featured_media":1235,"template":"","meta":[],"product_brand":[],"product_cat":[31,32,33,34,74,36,38],"product_tag":[],"class_list":{"0":"post-1236","1":"product","2":"type-product","3":"status-publish","4":"has-post-thumbnail","6":"product_cat-garten","7":"product_cat-obstbau","8":"product_cat-weihnachtsbaum","9":"product_cat-weinbau","10":"product_cat-bodenverbesserung","11":"product_cat-feste-duenger","12":"product_cat-bio-duenger","14":"first","15":"instock","16":"sale","17":"taxable","18":"shipping-taxable","19":"purchasable","20":"product-type-variable"},"_links":{"self":[{"href":"https:\/\/wordpress.netpeak.biz\/duengershop-2025\/wp-json\/wp\/v2\/product\/1236","targetHints":{"allow":["GET"]}}],"collection":[{"href":"https:\/\/wordpress.netpeak.biz\/duengershop-2025\/wp-json\/wp\/v2\/product"}],"about":[{"href":"https:\/\/wordpress.netpeak.biz\/duengershop-2025\/wp-json\/wp\/v2\/types\/product"}],"wp:featuredmedia":[{"embeddable":true,"href":"https:\/\/wordpress.netpeak.biz\/duengershop-2025\/wp-json\/wp\/v2\/media\/1235"}],"wp:attachment":[{"href":"https:\/\/wordpress.netpeak.biz\/duengershop-2025\/wp-json\/wp\/v2\/media?parent=1236"}],"wp:term":[{"taxonomy":"product_brand","embeddable":true,"href":"https:\/\/wordpress.netpeak.biz\/duengershop-2025\/wp-json\/wp\/v2\/product_brand?post=1236"},{"taxonomy":"product_cat","embeddable":true,"href":"https:\/\/wordpress.netpeak.biz\/duengershop-2025\/wp-json\/wp\/v2\/product_cat?post=1236"},{"taxonomy":"product_tag","embeddable":true,"href":"https:\/\/wordpress.netpeak.biz\/duengershop-2025\/wp-json\/wp\/v2\/product_tag?post=1236"}],"curies":[{"name":"wp","href":"https:\/\/api.w.org\/{rel}","templated":true}]}}