{"id":1091,"date":"2020-01-10T12:38:23","date_gmt":"2020-01-10T11:38:23","guid":{"rendered":"https:\/\/www.raiffeisen-duengershop.de\/?post_type=product&#038;p=1091"},"modified":"2025-01-10T14:33:51","modified_gmt":"2025-01-10T13:33:51","slug":"kokoserde","status":"publish","type":"product","link":"https:\/\/wordpress.netpeak.biz\/duengershop-2025\/produkt\/garten\/kokoserde\/","title":{"rendered":"Kokoserde Premium"},"content":{"rendered":"<ul>\n<li>aus erneuerbaren Rohstoffen<\/li>\n<li>100% frei von Torf und D\u00fcnger<\/li>\n<li>Frei von Sch\u00e4dlingen und anderen Verunreinigungen<\/li>\n<li>Leichter Transport<\/li>\n<li>Sehr guter Wasserspeicher<\/li>\n<li>Resistent gegen Schimmel<\/li>\n<li>Erh\u00f6ht die Durchl\u00fcftung des Bodens<\/li>\n<\/ul>\n<h3>Herkunft und Qualit\u00e4t:<\/h3>\n<p>J\u00e4hrlich werden Milliarden von Kokosn\u00fcssen geernet, um Wasser, Fruchtfleisch und \u00d6l der Fr\u00fcchte zu nutzen. Doch anschlie\u00dfend werden 99% der Kokosnuss-Schalen verbrannt. Das ist schlecht f\u00fcr die Gesundheit der Kokos-Bauern und f\u00fcr die Umwelt. Die Nutzung der Erntereste als Torfersatz ist nicht nur \u00f6kologisch sinnvoll, sondern er\u00f6ffnet den Bauern in Asien neue, zus\u00e4tzliche Einkommensquellen. Wir liefern Ihnen Premium-Qualit\u00e4t, die wir in unserem Labor gepr\u00fcft haben.<\/p>\n<h3>Anwendung:<\/h3>\n<p>Legen Sie den Block in eine Schubkarre und geben 30 Liter Wasser dazu. Nach 20-30 Minuten ist der Block aufgequollen und muss nur noch einmal durchgemengt werden.<\/p>\n<p><strong>Ein Block ergibt ca. 70 l fertiges Substrat.<\/strong><\/p>\n<h3>Lagerungshinweis:<\/h3>\n<p>Trocken lagern.\u00a0 Der Feuchtifkeitsgehalt und damit das Gewicht des Ballens kann naturbedingt schwanken.<\/p>\n","protected":false},"excerpt":{"rendered":"<p>100% frei von Torf und D\u00fcnger. Frei von Sch\u00e4dlingen und anderen Verunreinigungen. Leichter Transport. Sehr guter Wasserspeicher. Resistent gegen Schimmel. Erh\u00f6ht die Durchl\u00fcftung des Bodens.<\/p>\n","protected":false},"featured_media":1090,"template":"","meta":[],"product_brand":[],"product_cat":[31,32,74,38],"product_tag":[],"class_list":{"0":"post-1091","1":"product","2":"type-product","3":"status-publish","4":"has-post-thumbnail","6":"product_cat-garten","7":"product_cat-obstbau","8":"product_cat-bodenverbesserung","9":"product_cat-bio-duenger","11":"first","12":"instock","13":"sale","14":"taxable","15":"shipping-taxable","16":"purchasable","17":"product-type-variable"},"_links":{"self":[{"href":"https:\/\/wordpress.netpeak.biz\/duengershop-2025\/wp-json\/wp\/v2\/product\/1091","targetHints":{"allow":["GET"]}}],"collection":[{"href":"https:\/\/wordpress.netpeak.biz\/duengershop-2025\/wp-json\/wp\/v2\/product"}],"about":[{"href":"https:\/\/wordpress.netpeak.biz\/duengershop-2025\/wp-json\/wp\/v2\/types\/product"}],"wp:featuredmedia":[{"embeddable":true,"href":"https:\/\/wordpress.netpeak.biz\/duengershop-2025\/wp-json\/wp\/v2\/media\/1090"}],"wp:attachment":[{"href":"https:\/\/wordpress.netpeak.biz\/duengershop-2025\/wp-json\/wp\/v2\/media?parent=1091"}],"wp:term":[{"taxonomy":"product_brand","embeddable":true,"href":"https:\/\/wordpress.netpeak.biz\/duengershop-2025\/wp-json\/wp\/v2\/product_brand?post=1091"},{"taxonomy":"product_cat","embeddable":true,"href":"https:\/\/wordpress.netpeak.biz\/duengershop-2025\/wp-json\/wp\/v2\/product_cat?post=1091"},{"taxonomy":"product_tag","embeddable":true,"href":"https:\/\/wordpress.netpeak.biz\/duengershop-2025\/wp-json\/wp\/v2\/product_tag?post=1091"}],"curies":[{"name":"wp","href":"https:\/\/api.w.org\/{rel}","templated":true}]}}